{"id":1273,"date":"2022-12-21T12:06:49","date_gmt":"2022-12-21T11:06:49","guid":{"rendered":"https:\/\/www.les-trois-cloches.com\/privacy-policy\/"},"modified":"2023-01-19T17:35:20","modified_gmt":"2023-01-19T16:35:20","slug":"politique-de-confidentialite","status":"publish","type":"page","link":"https:\/\/www.les-trois-cloches.com\/fr\/politique-de-confidentialite\/","title":{"rendered":"Politique de confidentialit\u00e9"},"content":{"rendered":"\t\t<div data-elementor-type=\"wp-page\" data-elementor-id=\"1273\" class=\"elementor elementor-1273 elementor-3\" data-elementor-post-type=\"page\">\n\t\t\t\t\t\t<section class=\"elementor-section elementor-top-section elementor-element elementor-element-23f08148 elementor-section-boxed elementor-section-height-default elementor-section-height-default\" data-id=\"23f08148\" data-element_type=\"section\" data-e-type=\"section\">\n\t\t\t\t\t\t<div class=\"elementor-container elementor-column-gap-default\">\n\t\t\t\t\t<div class=\"elementor-column elementor-col-100 elementor-top-column elementor-element elementor-element-1b03f16\" data-id=\"1b03f16\" data-element_type=\"column\" data-e-type=\"column\">\n\t\t\t<div class=\"elementor-widget-wrap elementor-element-populated\">\n\t\t\t\t\t\t<div class=\"elementor-element elementor-element-7cdba18d elementor-widget elementor-widget-text-editor\" data-id=\"7cdba18d\" data-element_type=\"widget\" data-e-type=\"widget\" data-widget_type=\"text-editor.default\">\n\t\t\t\t<div class=\"elementor-widget-container\">\n\t\t\t\t\t\t\t\t\t<h3>Informations g\u00e9n\u00e9rales<\/h3>\n<p>Bienvenue sur notre page &#8220;Politique de confidentialit\u00e9&#8221; ! Lorsque vous utilisez les services de notre site web, vous nous confiez vos informations. La pr\u00e9sente politique de confidentialit\u00e9 a pour but de vous aider \u00e0 comprendre quelles donn\u00e9es nous collectons, pourquoi nous les collectons et ce que nous en faisons. Lorsque vous partagez des informations avec nous, nous pouvons am\u00e9liorer les services que nous vous rendons. Par exemple, nous pouvons vous proposer des r\u00e9sultats de recherche plus pertinents, vous aider \u00e0 vous connecter avec d&#8217;autres personnes ou faciliter et acc\u00e9l\u00e9rer le partage avec eux. Lorsque vous utilisez nos services, nous voulons que vous sachiez clairement comment nous utilisons les informations et comment vous pouvez prot\u00e9ger votre vie priv\u00e9e. Ce document est important ; nous esp\u00e9rons que vous prendrez le temps de le lire attentivement. N&#8217;oubliez pas que vous pouvez acc\u00e9der \u00e0 tout moment aux commandes pour g\u00e9rer vos informations et prot\u00e9ger votre vie priv\u00e9e et votre s\u00e9curit\u00e9. Nous essayons de les rendre le plus simples possible.<\/p>\n<h3>Droit d&#8217;acc\u00e8s, de rectification et de suppression des donn\u00e9es et droit d&#8217;opposition au traitement des donn\u00e9es<\/h3>\n<p>Nos clients disposent d&#8217;un droit d&#8217;acc\u00e8s, de rectification et de suppression des donn\u00e9es personnelles les concernant, ainsi que d&#8217;un droit d&#8217;opposition au traitement de ces donn\u00e9es, en adressant une demande \u00e9crite, \u00e0 tout moment. Nous essayons de nous efforcer \u00e0 mettre en place les pr\u00e9cautions appropri\u00e9es pour sauvegarder la s\u00e9curit\u00e9 et la confidentialit\u00e9 des donn\u00e9es personnelles, et pour emp\u00eacher qu&#8217;elles soient modifi\u00e9es, corrompues, d\u00e9truites ou que des tiers non autoris\u00e9s y aient acc\u00e8s. Cependant, nous ne pouvons pas ma\u00eetriser tous les risques li\u00e9s \u00e0 l&#8217;utilisation d&#8217;Internet, et mettons donc en garde les utilisateurs du site contre les risques potentiels li\u00e9s au fonctionnement et \u00e0 l&#8217;utilisation d&#8217;Internet. Le site peut inclure des liens vers d&#8217;autres sites web ou d&#8217;autres sources Internet. Dans la mesure o\u00f9 nous ne pouvons pas contr\u00f4ler ces sites Internet et ces sources externes, nous ne pourrons \u00eatre tenus pour responsables de la mise \u00e0 disposition ou de l&#8217;affichage de ces sites Internet et sources externes, et ne pourrons donc supporter quelque responsabilit\u00e9 quant au contenu, publicit\u00e9s, produits, services ou tout autre mat\u00e9riel disponible sur ou \u00e0 partir de ces sites Internet ou sources externes.<\/p>\n<h3>Gestion des donn\u00e9es personnelles<\/h3>\n<p>Vous pouvez consulter ou modifier vos donn\u00e9es personnelles en ligne pour un grand nombre de nos services. Vous pouvez \u00e9galement des finir des pr\u00e9f\u00e9rences concernant la collecte et l&#8217;utilisation de vos donn\u00e9es. La mani\u00e8re dont vous pouvez acc\u00e9der \u00e0 vos donn\u00e9es personnelles ou les contr\u00f4ler d\u00e9pend des services que vous utilisez. Vous pouvez choisir de recevoir des communications promotionnelles de notre site web par courrier \u00e9lectronique, SMS, courrier physique et t\u00e9l\u00e9phone. Si vous recevez des e-mails ou des SMS promotionnels de notre part et que vous souhaitez vous d\u00e9sinscrire, vous pouvez le faire en suivant les instructions figurant dans ce message. Vous pouvez \u00e9galement choisir de recevoir des courriers \u00e9lectroniques, des appels t\u00e9l\u00e9phoniques et des courriers postaux promotionnels en visitant et en vous connectant au gestionnaire de communications promotionnelles du site, qui vous permet de mettre \u00e0 jour les informations de contact, de g\u00e9rer les pr\u00e9f\u00e9rences de contact, de vous d\u00e9sabonner des abonnements aux courriers \u00e9lectroniques et de choisir de partager vos informations de contact avec nos partenaires. Ces choix ne s&#8217;appliquent pas aux communications de service obligatoires qui font partie de certains services du site web.<\/p>\n<h3>Informations recueillies<\/h3>\n<p>Notre site collecte des donn\u00e9es pour fonctionner efficacement et vous offrir les meilleures exp\u00e9riences avec nos services. Vous fournissez certaines de ces donn\u00e9es directement, par exemple lorsque vous cr\u00e9ez un compte personnel. Nous en obtenons une partie en enregistrant la mani\u00e8re dont vous interagissez avec nos services, par exemple en utilisant des technologies telles que les cookies, et en recevant des rapports d&#8217;erreur ou des donn\u00e9es d&#8217;utilisation de logiciels fonctionnant sur votre appareil. Nous obtenons \u00e9galement des donn\u00e9es de tiers (y compris d&#8217;autres entreprises). Par exemple, nous compl\u00e9tons les donn\u00e9es que nous collectons en achetant des donn\u00e9es d\u00e9mographiques \u00e0 d&#8217;autres entreprises. Nous utilisons \u00e9galement les services d&#8217;autres soci\u00e9t\u00e9s pour nous aider \u00e0 d\u00e9terminer une localisation sur la base de votre adresse IP afin de personnaliser certains services en fonction de votre localisation. Les donn\u00e9es que nous recueillons d\u00e9pendent des services et des fonctionnalit\u00e9s que vous utilisez.<\/p>\n<h3>Comment nous utilisons vos informations<\/h3>\n<p>Notre site web utilise les donn\u00e9es que nous collectons \u00e0 trois fins principales : pour faire fonctionner notre prestation locative et fournir (y compris am\u00e9liorer et personnaliser) les services que nous pourrions \u00eatre amen\u00e9s \u00e0 offrir, pour envoyer des communications, y compris des communications promotionnelles, et pour afficher des publicit\u00e9s. Pour atteindre ces objectifs, nous combinons les donn\u00e9es que nous recueillons par le biais des diff\u00e9rents services du site web que vous utilisez afin de vous offrir une exp\u00e9rience plus homog\u00e8ne, coh\u00e9rente et personnalis\u00e9e. Toutefois, pour renforcer la protection de la vie priv\u00e9e, nous avons mis en place des garanties technologiques et proc\u00e9durales destin\u00e9es \u00e0 emp\u00eacher certaines combinaisons de donn\u00e9es. Par exemple, nous stockons les donn\u00e9es que nous recueillons aupr\u00e8s de vous lorsque vous n&#8217;\u00eates pas authentifi\u00e9 (pas connect\u00e9) s\u00e9par\u00e9ment de toute information de compte qui vous identifie directement, comme votre nom, votre adresse \u00e9lectronique ou votre num\u00e9ro de t\u00e9l\u00e9phone.<\/p>\n<h3>Partage de vos informations<\/h3>\n<p>Nous partageons vos donn\u00e9es personnelles avec votre consentement ou si n\u00e9cessaire pour mener \u00e0 bien toute transaction ou fournir tout service que vous avez demand\u00e9 ou autoris\u00e9. Par exemple, nous partageons votre contenu avec des tiers lorsque vous nous demandez de le faire. Lorsque vous fournissez des donn\u00e9es de paiement pour effectuer un achat, nous partageons ces donn\u00e9es avec des banques et d&#8217;autres entit\u00e9s qui traitent les transactions de paiement ou fournissent d&#8217;autres services financiers, ainsi qu&#8217;\u00e0 des fins de pr\u00e9vention des fraudes et de r\u00e9duction des risques de cr\u00e9dit. En outre, nous partageons les donn\u00e9es personnelles entre les soci\u00e9t\u00e9s affili\u00e9es et les filiales que nous contr\u00f4lons. Nous partageons \u00e9galement des donn\u00e9es personnelles avec des vendeurs ou des agents (plateformes de r\u00e9servation, &#8230;) travaillant pour notre compte aux fins d\u00e9crites dans la pr\u00e9sente d\u00e9claration. Par exemple, les entreprises que nous avons engag\u00e9es pour fournir un service d&#8217;assistance \u00e0 la client\u00e8le ou pour aider \u00e0 prot\u00e9ger et \u00e0 s\u00e9curiser nos syst\u00e8mes et services peuvent avoir besoin d&#8217;acc\u00e9der \u00e0 des donn\u00e9es \u00e0 caract\u00e8re personnel afin d&#8217;assurer ces fonctions. Dans ce cas, ces soci\u00e9t\u00e9s doivent se conformer \u00e0 nos exigences en mati\u00e8re de confidentialit\u00e9 et de s\u00e9curit\u00e9 des donn\u00e9es et ne sont pas autoris\u00e9es \u00e0 utiliser les donn\u00e9es personnelles qu&#8217;elles re\u00e7oivent de notre part \u00e0 d&#8217;autres fins. Nous pouvons \u00e9galement divulguer des donn\u00e9es personnelles dans le cadre d&#8217;une transaction d&#8217;entreprise telle qu&#8217;une fusion ou une vente d&#8217;actifs.<\/p>\n<p>Courriel : <a href=\"mailto:info@demolink.org\">info@demolink.org<\/a><\/p>\n<p class=\"text-sm-left\"><strong>Derni\u00e8re mise \u00e0 jour :<\/strong><\/p>\n<h3>Que sont les cookies ?<\/h3>\n<p>Pour que ce site fonctionne correctement, nous pla\u00e7ons parfois de petits fichiers de donn\u00e9es appel\u00e9s cookies sur votre appareil. La plupart des grands sites web le font aussi. Un cookie est un petit fichier texte qu&#8217;un site web enregistre sur votre ordinateur ou votre appareil mobile lorsque vous visitez le site. Il permet au site web de se souvenir de vos actions et de vos pr\u00e9f\u00e9rences (telles que la connexion, la langue, la taille de la police et d&#8217;autres pr\u00e9f\u00e9rences d&#8217;affichage) pendant un certain temps, afin que vous n&#8217;ayez pas \u00e0 les saisir \u00e0 nouveau chaque fois que vous revenez sur le site ou que vous naviguez d&#8217;une page \u00e0 l&#8217;autre.<\/p>\n<h3>Pourquoi utilisons-nous des cookies ?<\/h3>\n<p>Nous utilisons des cookies premi\u00e8re partie et tierce partie pour plusieurs raisons. Certains cookies sont n\u00e9cessaires pour des raisons techniques afin que nos sites Web puissent fonctionner, et nous les appelons des cookies &#8221; essentiels &#8221; ou &#8221; strictement n\u00e9cessaires &#8220;. D&#8217;autres cookies nous permettent \u00e9galement de suivre et de cibler les int\u00e9r\u00eats de nos utilisateurs afin d&#8217;am\u00e9liorer leur exp\u00e9rience. Des tiers diffusent des cookies sur nos sites web \u00e0 des fins publicitaires, analytiques et autres. Nous pouvons \u00e9galement utiliser de petits \u00e9l\u00e9ments de code logiciel appel\u00e9s &#8220;balises web&#8221; ou &#8220;pixels invisibles&#8221; pour collecter des donn\u00e9es anonymes et globales sur la publicit\u00e9, telles que le nombre de pages consult\u00e9es, de promotions consult\u00e9es ou de r\u00e9ponses \u00e0 la publicit\u00e9. Une balise web est une image \u00e9lectronique, appel\u00e9e pixel unique ou GIF clair. Les balises web peuvent reconna\u00eetre certains types d&#8217;informations sur l&#8217;ordinateur de l&#8217;utilisateur, comme le num\u00e9ro de cookie de l&#8217;utilisateur, l&#8217;heure et la date de consultation d&#8217;une page, et la description de la page o\u00f9 la balise web est plac\u00e9e. Vous pouvez rendre certaines balises web inutilisables si vous choisissez de rejeter les cookies qui leur sont associ\u00e9s. Ces balises web peuvent \u00eatre utilis\u00e9es pour d\u00e9livrer des cookies conformes \u00e0 notre politique en mati\u00e8re de cookies.<\/p>\n<h3>Comment utilisons-nous les cookies ?<\/h3>\n<p>[Adjust this part of the page according to your needs.]<\/p>\n<h3>Cookies que nous utilisons<\/h3>\n<p>[Adjust this part of the page according to your needs.]<\/p>\n<h3>Comment contr\u00f4ler les cookies ?<\/h3>\n<p>Vous pouvez contr\u00f4ler et\/ou supprimer les cookies comme vous le souhaitez &#8211; pour plus de d\u00e9tails, voir <a href=\"http:\/\/www.aboutcookies.org.uk\/\" target=\"blank\">http:\/\/www.aboutcookies.org.uk\/.<\/a> Vous pouvez supprimer tous les cookies qui se trouvent d\u00e9j\u00e0 sur votre ordinateur et vous pouvez param\u00e9trer la plupart des navigateurs pour qu&#8217;ils ne soient pas plac\u00e9s. Toutefois, si vous le faites, il se peut que vous deviez ajuster manuellement certaines pr\u00e9f\u00e9rences chaque fois que vous visitez un site et que certains services et fonctionnalit\u00e9s ne fonctionnent pas. En outre, la plupart des r\u00e9seaux publicitaires vous offrent la possibilit\u00e9 de refuser les publicit\u00e9s cibl\u00e9es. Si vous souhaitez obtenir de plus amples informations, veuillez consulter le site <a href=\"http:\/\/www.aboutads.info\/choices\/\" target=\"blank\">http:\/\/www.aboutads.info\/choices\/<\/a> ou <a href=\"http:\/\/www.youronlinechoices.com\" target=\"blank\">http:\/\/www.youronlinechoices.com.<\/a> Sachez que si vous ne configurez pas votre navigateur, vous accepterez les cookies fournis par ce site web.<\/p>\n<h3>O\u00f9 puis-je obtenir des informations suppl\u00e9mentaires ?<\/h3>\n<p>Si vous souhaitez vous opposer \u00e0 l&#8217;utilisation et \u00e0 la vente de vos informations personnelles, n&#8217;h\u00e9sitez pas \u00e0 nous contacter via le <a href=\"..\/contact-us\/\" target=\"_blank\" rel=\"noopener\">formulaire de contact.<\/a><\/p>\n<h3>Demander des donn\u00e9es personnelles<\/h3>\n<p><div class=\"wpgdprc\">\n<form class=\"wpgdprc-form wpgdprc-form--access-request\" name=\"wpgdprc_form\" method=\"POST\">\n\t<ul class=\"wpgdprc-form__fields\">\n\t\t\n<li class=\"wpgdprc-form__field\">\n\t<label for=\"wpgdprc-form__email\" class=\"screen-reader-text\">Your Email Address<\/label>\n\t<input type=\"email\" class=\"wpgdprc-form__input wpgdprc-form__input--email\" name=\"wpgdprc_email\" id=\"wpgdprc-form__email\" placeholder=\"Your Email Address\" required \/>\n<\/li>\n\t\t\n<li class=\"wpgdprc-form__field wpgdprc-form__field--checkbox\">\n\t<input class=\"wpgdprc-form__input wpgdprc-form__input--checkbox\" type=\"checkbox\" name=\"wpgdprc_consent\" id=\"wpgdprc-form__consent\" value=\"1\" required \/>\n\t<label class=\"wpgdprc-form__label\" for=\"wpgdprc-form__consent\">By using this form you agree with the storage and handling of your data by this website.<\/label>\n<\/li>\n\t<\/ul>\n\t<div class=\"wpgdprc-form__footer\">\n\t\t\n<p class=\"wpgdprc-form__submit\">\n\t<input type=\"submit\" class=\"wpgdprc-form__input wpgdprc-form__input--submit\" name=\"wpgdprc_submit\" value=\"Send\" \/>\n<\/p>\n\t<\/div>\n\t<div class=\"wpgdprc-message\" style=\"display:none;\"><\/div>\n<\/form>\n<\/div><\/p>\n<h3>D\u00e9sactivation de Google Analytics<\/h3>\n<p><\/p>\n<h3>Supprimer le compte<\/h3>\n<p>[plugin_delete_me \/]<\/p>\n<p>Si vous souhaitez vous opposer \u00e0 l&#8217;utilisation et \u00e0 la vente de vos informations personnelles, n&#8217;h\u00e9sitez pas \u00e0 nous contacter via le <a href=\"..\/contact-us\">formulaire de contact<\/a>.<\/p>\t\t\t\t\t\t\t\t<\/div>\n\t\t\t\t<\/div>\n\t\t\t\t\t<\/div>\n\t\t<\/div>\n\t\t\t\t\t<\/div>\n\t\t<\/section>\n\t\t\t\t<\/div>\n\t\t","protected":false},"excerpt":{"rendered":"<p>Informations g\u00e9n\u00e9rales Bienvenue sur notre page &#8220;Politique de confidentialit\u00e9&#8221; ! Lorsque vous utilisez les services de notre site web, vous nous confiez vos informations. La pr\u00e9sente politique de confidentialit\u00e9 a pour but de vous aider \u00e0 comprendre quelles donn\u00e9es nous collectons, pourquoi nous les collectons et ce que nous en faisons. Lorsque vous partagez des &hellip; <a href=\"https:\/\/www.les-trois-cloches.com\/fr\/politique-de-confidentialite\/\" class=\"more-link\">Continue reading<span class=\"screen-reader-text\"> &#8220;Politique de confidentialit\u00e9&#8221;<\/span><\/a><\/p>\n","protected":false},"author":2,"featured_media":0,"parent":0,"menu_order":10,"comment_status":"closed","ping_status":"closed","template":"","meta":{"inline_featured_image":false,"footnotes":""},"class_list":["post-1273","page","type-page","status-publish","hentry"],"aioseo_notices":[],"jetpack_sharing_enabled":true,"_links":{"self":[{"href":"https:\/\/www.les-trois-cloches.com\/fr\/wp-json\/wp\/v2\/pages\/1273","targetHints":{"allow":["GET"]}}],"collection":[{"href":"https:\/\/www.les-trois-cloches.com\/fr\/wp-json\/wp\/v2\/pages"}],"about":[{"href":"https:\/\/www.les-trois-cloches.com\/fr\/wp-json\/wp\/v2\/types\/page"}],"author":[{"embeddable":true,"href":"https:\/\/www.les-trois-cloches.com\/fr\/wp-json\/wp\/v2\/users\/2"}],"replies":[{"embeddable":true,"href":"https:\/\/www.les-trois-cloches.com\/fr\/wp-json\/wp\/v2\/comments?post=1273"}],"version-history":[{"count":4,"href":"https:\/\/www.les-trois-cloches.com\/fr\/wp-json\/wp\/v2\/pages\/1273\/revisions"}],"predecessor-version":[{"id":1414,"href":"https:\/\/www.les-trois-cloches.com\/fr\/wp-json\/wp\/v2\/pages\/1273\/revisions\/1414"}],"wp:attachment":[{"href":"https:\/\/www.les-trois-cloches.com\/fr\/wp-json\/wp\/v2\/media?parent=1273"}],"curies":[{"name":"wp","href":"https:\/\/api.w.org\/{rel}","templated":true}]}}