{"id":1289,"date":"2018-07-19T09:21:06","date_gmt":"2018-07-19T08:21:06","guid":{"rendered":"https:\/\/www.les-trois-cloches.com\/neighborhood\/and-much-more\/"},"modified":"2023-01-19T17:33:29","modified_gmt":"2023-01-19T16:33:29","slug":"marches-antiquites","status":"publish","type":"page","link":"https:\/\/www.les-trois-cloches.com\/fr\/le-pays\/marches-antiquites\/","title":{"rendered":"March\u00e9s &amp; Antiquit\u00e9s&#8230;"},"content":{"rendered":"\t\t<div data-elementor-type=\"wp-page\" data-elementor-id=\"1289\" class=\"elementor elementor-1289 elementor-78\" data-elementor-post-type=\"page\">\n\t\t\t\t\t\t<section class=\"elementor-section elementor-top-section elementor-element elementor-element-7cb6e54 elementor-section-boxed elementor-section-height-default elementor-section-height-default\" data-id=\"7cb6e54\" data-element_type=\"section\" data-e-type=\"section\">\n\t\t\t\t\t\t<div class=\"elementor-container elementor-column-gap-default\">\n\t\t\t\t\t<div class=\"elementor-column elementor-col-50 elementor-top-column elementor-element elementor-element-834a9d5\" data-id=\"834a9d5\" data-element_type=\"column\" data-e-type=\"column\">\n\t\t\t<div class=\"elementor-widget-wrap elementor-element-populated\">\n\t\t\t\t\t\t<div class=\"elementor-element elementor-element-d0bdc12 elementor-widget elementor-widget-image\" data-id=\"d0bdc12\" data-element_type=\"widget\" data-e-type=\"widget\" data-widget_type=\"image.default\">\n\t\t\t\t<div class=\"elementor-widget-container\">\n\t\t\t\t\t\t\t\t\t\t\t\t\t\t\t\t<a href=\"https:\/\/i0.wp.com\/www.les-trois-cloches.com\/wp-content\/uploads\/2023\/01\/Marches-de-cucuron-1.jpg?ssl=1\" data-elementor-open-lightbox=\"yes\" data-elementor-lightbox-title=\"Marches-de cucuron\" data-e-action-hash=\"#elementor-action%3Aaction%3Dlightbox%26settings%3DeyJpZCI6NjM2LCJ1cmwiOiJodHRwczpcL1wvd3d3Lmxlcy10cm9pcy1jbG9jaGVzLmNvbVwvd3AtY29udGVudFwvdXBsb2Fkc1wvMjAyM1wvMDFcL01hcmNoZXMtZGUtY3VjdXJvbi0xLmpwZyJ9\">\n\t\t\t\t\t\t\t<img fetchpriority=\"high\" decoding=\"async\" width=\"840\" height=\"466\" src=\"https:\/\/i0.wp.com\/www.les-trois-cloches.com\/wp-content\/uploads\/2023\/01\/Marches-de-cucuron-1.jpg?resize=840%2C466&amp;ssl=1\" class=\"attachment-aquentro-thumb-medium size-aquentro-thumb-medium wp-image-636\" alt=\"\" srcset=\"https:\/\/i0.wp.com\/www.les-trois-cloches.com\/wp-content\/uploads\/2023\/01\/Marches-de-cucuron-1.jpg?resize=840%2C466&amp;ssl=1 840w, https:\/\/i0.wp.com\/www.les-trois-cloches.com\/wp-content\/uploads\/2023\/01\/Marches-de-cucuron-1.jpg?zoom=2&amp;resize=840%2C466&amp;ssl=1 1680w\" sizes=\"(max-width: 800px) 100vw, 800px\" \/>\t\t\t\t\t\t\t\t<\/a>\n\t\t\t\t\t\t\t\t\t\t\t\t\t\t\t<\/div>\n\t\t\t\t<\/div>\n\t\t\t\t<div class=\"elementor-element elementor-element-976cb97 elementor-widget elementor-widget-text-editor\" data-id=\"976cb97\" data-element_type=\"widget\" data-e-type=\"widget\" data-widget_type=\"text-editor.default\">\n\t\t\t\t<div class=\"elementor-widget-container\">\n\t\t\t\t\t\t\t\t\t<p>Il existe de nombreux march\u00e9s de producteurs dans le Luberon, qui proposent des produits de grande qualit\u00e9, essentiellement locaux. Liste et heures d&#8217;ouverture des march\u00e9s les plus proches sur <a href=\"https:\/\/en.luberon-apt.fr\/market-days\">cette page<\/a><\/p>\n\t\t\t\t\t\t\t\t<\/div>\n\t\t\t\t<\/div>\n\t\t\t\t\t<\/div>\n\t\t<\/div>\n\t\t\t\t<div class=\"elementor-column elementor-col-50 elementor-top-column elementor-element elementor-element-fea17b7\" data-id=\"fea17b7\" data-element_type=\"column\" data-e-type=\"column\">\n\t\t\t<div class=\"elementor-widget-wrap elementor-element-populated\">\n\t\t\t\t\t\t<div class=\"elementor-element elementor-element-61400e1 elementor-widget elementor-widget-image\" data-id=\"61400e1\" data-element_type=\"widget\" data-e-type=\"widget\" data-widget_type=\"image.default\">\n\t\t\t\t<div class=\"elementor-widget-container\">\n\t\t\t\t\t\t\t\t\t\t\t\t\t\t\t\t<a href=\"https:\/\/i0.wp.com\/www.les-trois-cloches.com\/wp-content\/uploads\/2023\/01\/olives.jpg?ssl=1\" data-elementor-open-lightbox=\"yes\" data-elementor-lightbox-title=\"olives\" data-e-action-hash=\"#elementor-action%3Aaction%3Dlightbox%26settings%3DeyJpZCI6NjM1LCJ1cmwiOiJodHRwczpcL1wvd3d3Lmxlcy10cm9pcy1jbG9jaGVzLmNvbVwvd3AtY29udGVudFwvdXBsb2Fkc1wvMjAyM1wvMDFcL29saXZlcy5qcGcifQ%3D%3D\">\n\t\t\t\t\t\t\t<img decoding=\"async\" width=\"840\" height=\"466\" src=\"https:\/\/i0.wp.com\/www.les-trois-cloches.com\/wp-content\/uploads\/2023\/01\/olives.jpg?resize=840%2C466&amp;ssl=1\" class=\"attachment-aquentro-thumb-medium size-aquentro-thumb-medium wp-image-635\" alt=\"\" \/>\t\t\t\t\t\t\t\t<\/a>\n\t\t\t\t\t\t\t\t\t\t\t\t\t\t\t<\/div>\n\t\t\t\t<\/div>\n\t\t\t\t<div class=\"elementor-element elementor-element-4ba541a elementor-widget elementor-widget-text-editor\" data-id=\"4ba541a\" data-element_type=\"widget\" data-e-type=\"widget\" data-widget_type=\"text-editor.default\">\n\t\t\t\t<div class=\"elementor-widget-container\">\n\t\t\t\t\t\t\t\t\t<p>Huile d&#8217;olive, fruits confits, truffes, fromage de ch\u00e8vre&#8230; d\u00e9couvrez les <a href=\"https:\/\/luberon.fr\/tourisme\/produits-terroir\">produits phares du Luberon<\/a> qui en font une r\u00e9gion d\u00e9di\u00e9e aux plaisirs de la table<\/p>\n\t\t\t\t\t\t\t\t<\/div>\n\t\t\t\t<\/div>\n\t\t\t\t\t<\/div>\n\t\t<\/div>\n\t\t\t\t\t<\/div>\n\t\t<\/section>\n\t\t\t\t<section class=\"elementor-section elementor-top-section elementor-element elementor-element-b91aa59 elementor-section-boxed elementor-section-height-default elementor-section-height-default\" data-id=\"b91aa59\" data-element_type=\"section\" data-e-type=\"section\">\n\t\t\t\t\t\t<div class=\"elementor-container elementor-column-gap-default\">\n\t\t\t\t\t<div class=\"elementor-column elementor-col-50 elementor-top-column elementor-element elementor-element-df71e58\" data-id=\"df71e58\" data-element_type=\"column\" data-e-type=\"column\">\n\t\t\t<div class=\"elementor-widget-wrap elementor-element-populated\">\n\t\t\t\t\t\t<div class=\"elementor-element elementor-element-5895067 elementor-widget elementor-widget-image\" data-id=\"5895067\" data-element_type=\"widget\" data-e-type=\"widget\" data-widget_type=\"image.default\">\n\t\t\t\t<div class=\"elementor-widget-container\">\n\t\t\t\t\t\t\t\t\t\t\t\t\t\t\t\t<a href=\"https:\/\/i0.wp.com\/www.les-trois-cloches.com\/wp-content\/uploads\/2023\/01\/vignobles-Luberon.jpg?ssl=1\" data-elementor-open-lightbox=\"yes\" data-elementor-lightbox-title=\"Luberon vineyards\" data-e-action-hash=\"#elementor-action%3Aaction%3Dlightbox%26settings%3DeyJpZCI6OTA1LCJ1cmwiOiJodHRwczpcL1wvd3d3Lmxlcy10cm9pcy1jbG9jaGVzLmNvbVwvd3AtY29udGVudFwvdXBsb2Fkc1wvMjAyM1wvMDFcL3ZpZ25vYmxlcy1MdWJlcm9uLmpwZyJ9\">\n\t\t\t\t\t\t\t<img decoding=\"async\" width=\"840\" height=\"466\" src=\"https:\/\/i0.wp.com\/www.les-trois-cloches.com\/wp-content\/uploads\/2023\/01\/vignobles-Luberon.jpg?resize=840%2C466&amp;ssl=1\" class=\"attachment-aquentro-thumb-medium size-aquentro-thumb-medium wp-image-905\" alt=\"\" srcset=\"https:\/\/i0.wp.com\/www.les-trois-cloches.com\/wp-content\/uploads\/2023\/01\/vignobles-Luberon.jpg?resize=840%2C466&amp;ssl=1 840w, https:\/\/i0.wp.com\/www.les-trois-cloches.com\/wp-content\/uploads\/2023\/01\/vignobles-Luberon.jpg?zoom=2&amp;resize=840%2C466&amp;ssl=1 1680w\" sizes=\"(max-width: 800px) 100vw, 800px\" \/>\t\t\t\t\t\t\t\t<\/a>\n\t\t\t\t\t\t\t\t\t\t\t\t\t\t\t<\/div>\n\t\t\t\t<\/div>\n\t\t\t\t<div class=\"elementor-element elementor-element-7dfc5bf elementor-widget elementor-widget-text-editor\" data-id=\"7dfc5bf\" data-element_type=\"widget\" data-e-type=\"widget\" data-widget_type=\"text-editor.default\">\n\t\t\t\t<div class=\"elementor-widget-container\">\n\t\t\t\t\t\t\t\t\t<p>Pour d\u00e9guster, visiter ou tout simplement appr\u00e9cier des lieux souvent extraordinaires, visitez les <a href=\"https:\/\/www.luberon-apt.fr\/les-sunsets-vignerons-du-luberon-2022-4eme-edition\">vignobles du Luberon<\/a>, terre de culture viticole<\/p>\n\t\t\t\t\t\t\t\t<\/div>\n\t\t\t\t<\/div>\n\t\t\t\t\t<\/div>\n\t\t<\/div>\n\t\t\t\t<div class=\"elementor-column elementor-col-50 elementor-top-column elementor-element elementor-element-0820425\" data-id=\"0820425\" data-element_type=\"column\" data-e-type=\"column\">\n\t\t\t<div class=\"elementor-widget-wrap elementor-element-populated\">\n\t\t\t\t\t\t<div class=\"elementor-element elementor-element-ec110d3 elementor-widget elementor-widget-image\" data-id=\"ec110d3\" data-element_type=\"widget\" data-e-type=\"widget\" data-widget_type=\"image.default\">\n\t\t\t\t<div class=\"elementor-widget-container\">\n\t\t\t\t\t\t\t\t\t\t\t\t\t\t\t\t<a href=\"https:\/\/i0.wp.com\/www.les-trois-cloches.com\/wp-content\/uploads\/2023\/01\/isle-sur-sorgue-marche.jpg?ssl=1\" data-elementor-open-lightbox=\"yes\" data-elementor-lightbox-title=\"Antique market in L&#039;isle-sur-la-Sorgue\" data-e-action-hash=\"#elementor-action%3Aaction%3Dlightbox%26settings%3DeyJpZCI6ODkxLCJ1cmwiOiJodHRwczpcL1wvd3d3Lmxlcy10cm9pcy1jbG9jaGVzLmNvbVwvd3AtY29udGVudFwvdXBsb2Fkc1wvMjAyM1wvMDFcL2lzbGUtc3VyLXNvcmd1ZS1tYXJjaGUuanBnIn0%3D\">\n\t\t\t\t\t\t\t<img loading=\"lazy\" decoding=\"async\" width=\"840\" height=\"466\" src=\"https:\/\/i0.wp.com\/www.les-trois-cloches.com\/wp-content\/uploads\/2023\/01\/isle-sur-sorgue-marche.jpg?resize=840%2C466&amp;ssl=1\" class=\"attachment-aquentro-thumb-medium size-aquentro-thumb-medium wp-image-891\" alt=\"\" srcset=\"https:\/\/i0.wp.com\/www.les-trois-cloches.com\/wp-content\/uploads\/2023\/01\/isle-sur-sorgue-marche.jpg?resize=840%2C466&amp;ssl=1 840w, https:\/\/i0.wp.com\/www.les-trois-cloches.com\/wp-content\/uploads\/2023\/01\/isle-sur-sorgue-marche.jpg?zoom=2&amp;resize=840%2C466&amp;ssl=1 1680w\" sizes=\"(max-width: 800px) 100vw, 800px\" \/>\t\t\t\t\t\t\t\t<\/a>\n\t\t\t\t\t\t\t\t\t\t\t\t\t\t\t<\/div>\n\t\t\t\t<\/div>\n\t\t\t\t<div class=\"elementor-element elementor-element-44c62d4 elementor-widget elementor-widget-text-editor\" data-id=\"44c62d4\" data-element_type=\"widget\" data-e-type=\"widget\" data-widget_type=\"text-editor.default\">\n\t\t\t\t<div class=\"elementor-widget-container\">\n\t\t\t\t\t\t\t\t\t<p>Le march\u00e9 aux <a href=\"https:\/\/islesurlasorguetourisme.com\/art-et-antiquite\/brocante-lisle-sur-la-sorgue\">antiquit\u00e9s de l&#8217;Isle-sur-la-Sorgue<\/a> attire chaque ann\u00e9e des milliers d&#8217;amateurs d&#8217;objets anciens.<\/p>\n\t\t\t\t\t\t\t\t<\/div>\n\t\t\t\t<\/div>\n\t\t\t\t\t<\/div>\n\t\t<\/div>\n\t\t\t\t\t<\/div>\n\t\t<\/section>\n\t\t\t\t<\/div>\n\t\t","protected":false},"excerpt":{"rendered":"<p>Il existe de nombreux march\u00e9s de producteurs dans le Luberon, qui proposent des produits de grande qualit\u00e9, essentiellement locaux. Liste et heures d&#8217;ouverture des march\u00e9s les plus proches sur cette page Huile d&#8217;olive, fruits confits, truffes, fromage de ch\u00e8vre&#8230; d\u00e9couvrez les produits phares du Luberon qui en font une r\u00e9gion d\u00e9di\u00e9e aux plaisirs de la &hellip; <a href=\"https:\/\/www.les-trois-cloches.com\/fr\/le-pays\/marches-antiquites\/\" class=\"more-link\">Continue reading<span class=\"screen-reader-text\"> &#8220;March\u00e9s &amp; Antiquit\u00e9s&#8230;&#8221;<\/span><\/a><\/p>\n","protected":false},"author":2,"featured_media":1210,"parent":1287,"menu_order":4,"comment_status":"closed","ping_status":"closed","template":"","meta":{"inline_featured_image":false,"footnotes":""},"class_list":["post-1289","page","type-page","status-publish","has-post-thumbnail","hentry"],"aioseo_notices":[],"jetpack_sharing_enabled":true,"_links":{"self":[{"href":"https:\/\/www.les-trois-cloches.com\/fr\/wp-json\/wp\/v2\/pages\/1289","targetHints":{"allow":["GET"]}}],"collection":[{"href":"https:\/\/www.les-trois-cloches.com\/fr\/wp-json\/wp\/v2\/pages"}],"about":[{"href":"https:\/\/www.les-trois-cloches.com\/fr\/wp-json\/wp\/v2\/types\/page"}],"author":[{"embeddable":true,"href":"https:\/\/www.les-trois-cloches.com\/fr\/wp-json\/wp\/v2\/users\/2"}],"replies":[{"embeddable":true,"href":"https:\/\/www.les-trois-cloches.com\/fr\/wp-json\/wp\/v2\/comments?post=1289"}],"version-history":[{"count":4,"href":"https:\/\/www.les-trois-cloches.com\/fr\/wp-json\/wp\/v2\/pages\/1289\/revisions"}],"predecessor-version":[{"id":1430,"href":"https:\/\/www.les-trois-cloches.com\/fr\/wp-json\/wp\/v2\/pages\/1289\/revisions\/1430"}],"up":[{"embeddable":true,"href":"https:\/\/www.les-trois-cloches.com\/fr\/wp-json\/wp\/v2\/pages\/1287"}],"wp:featuredmedia":[{"embeddable":true,"href":"https:\/\/www.les-trois-cloches.com\/fr\/wp-json\/wp\/v2\/media\/1210"}],"wp:attachment":[{"href":"https:\/\/www.les-trois-cloches.com\/fr\/wp-json\/wp\/v2\/media?parent=1289"}],"curies":[{"name":"wp","href":"https:\/\/api.w.org\/{rel}","templated":true}]}}