{"id":1290,"date":"2018-07-19T09:20:40","date_gmt":"2018-07-19T08:20:40","guid":{"rendered":"https:\/\/www.les-trois-cloches.com\/neighborhood\/family-vacation\/"},"modified":"2023-01-19T17:33:20","modified_gmt":"2023-01-19T16:33:20","slug":"a-faire-en-famille","status":"publish","type":"page","link":"https:\/\/www.les-trois-cloches.com\/fr\/le-pays\/a-faire-en-famille\/","title":{"rendered":"A faire en famille"},"content":{"rendered":"\t\t<div data-elementor-type=\"wp-page\" data-elementor-id=\"1290\" class=\"elementor elementor-1290 elementor-76\" data-elementor-post-type=\"page\">\n\t\t\t\t\t\t<section class=\"elementor-section elementor-top-section elementor-element elementor-element-6379db1 elementor-section-boxed elementor-section-height-default elementor-section-height-default\" data-id=\"6379db1\" data-element_type=\"section\" data-e-type=\"section\">\n\t\t\t\t\t\t<div class=\"elementor-container elementor-column-gap-default\">\n\t\t\t\t\t<div class=\"elementor-column elementor-col-50 elementor-top-column elementor-element elementor-element-c4af9de\" data-id=\"c4af9de\" data-element_type=\"column\" data-e-type=\"column\">\n\t\t\t<div class=\"elementor-widget-wrap elementor-element-populated\">\n\t\t\t\t\t\t<div class=\"elementor-element elementor-element-07b9227 elementor-widget elementor-widget-image\" data-id=\"07b9227\" data-element_type=\"widget\" data-e-type=\"widget\" data-widget_type=\"image.default\">\n\t\t\t\t<div class=\"elementor-widget-container\">\n\t\t\t\t\t\t\t\t\t\t\t\t\t\t\t\t<a href=\"https:\/\/i0.wp.com\/www.les-trois-cloches.com\/wp-content\/uploads\/2023\/01\/Kayak-Sorgue-2.jpg?ssl=1\" data-elementor-open-lightbox=\"yes\" data-elementor-lightbox-title=\"Kayak Sorgue 2\" data-e-action-hash=\"#elementor-action%3Aaction%3Dlightbox%26settings%3DeyJpZCI6ODQwLCJ1cmwiOiJodHRwczpcL1wvd3d3Lmxlcy10cm9pcy1jbG9jaGVzLmNvbVwvd3AtY29udGVudFwvdXBsb2Fkc1wvMjAyM1wvMDFcL0theWFrLVNvcmd1ZS0yLmpwZyJ9\">\n\t\t\t\t\t\t\t<img fetchpriority=\"high\" decoding=\"async\" width=\"840\" height=\"466\" src=\"https:\/\/i0.wp.com\/www.les-trois-cloches.com\/wp-content\/uploads\/2023\/01\/Kayak-Sorgue-2.jpg?resize=840%2C466&amp;ssl=1\" class=\"attachment-aquentro-thumb-medium size-aquentro-thumb-medium wp-image-840\" alt=\"\" srcset=\"https:\/\/i0.wp.com\/www.les-trois-cloches.com\/wp-content\/uploads\/2023\/01\/Kayak-Sorgue-2.jpg?resize=840%2C466&amp;ssl=1 840w, https:\/\/i0.wp.com\/www.les-trois-cloches.com\/wp-content\/uploads\/2023\/01\/Kayak-Sorgue-2.jpg?zoom=2&amp;resize=840%2C466&amp;ssl=1 1680w\" sizes=\"(max-width: 800px) 100vw, 800px\" \/>\t\t\t\t\t\t\t\t<\/a>\n\t\t\t\t\t\t\t\t\t\t\t\t\t\t\t<\/div>\n\t\t\t\t<\/div>\n\t\t\t\t<div class=\"elementor-element elementor-element-4f2de4c elementor-widget elementor-widget-text-editor\" data-id=\"4f2de4c\" data-element_type=\"widget\" data-e-type=\"widget\" data-widget_type=\"text-editor.default\">\n\t\t\t\t<div class=\"elementor-widget-container\">\n\t\t\t\t\t\t\t\t\t<p>La Sorgue offre de multiples activit\u00e9s fluviales, dont le <a href=\"https:\/\/www.canoevert-vaucluse.fr\/\">kayak<\/a>, particuli\u00e8rement agr\u00e9able pendant les chaudes journ\u00e9es d&#8217;\u00e9t\u00e9.<\/p>\n\t\t\t\t\t\t\t\t<\/div>\n\t\t\t\t<\/div>\n\t\t\t\t\t<\/div>\n\t\t<\/div>\n\t\t\t\t<div class=\"elementor-column elementor-col-50 elementor-top-column elementor-element elementor-element-a66229e\" data-id=\"a66229e\" data-element_type=\"column\" data-e-type=\"column\">\n\t\t\t<div class=\"elementor-widget-wrap elementor-element-populated\">\n\t\t\t\t\t\t<div class=\"elementor-element elementor-element-214d3f4 elementor-widget elementor-widget-image\" data-id=\"214d3f4\" data-element_type=\"widget\" data-e-type=\"widget\" data-widget_type=\"image.default\">\n\t\t\t\t<div class=\"elementor-widget-container\">\n\t\t\t\t\t\t\t\t\t\t\t\t\t\t\t\t<a href=\"https:\/\/i0.wp.com\/www.les-trois-cloches.com\/wp-content\/uploads\/2023\/01\/accrobranche-at-Rustrel-1.jpg?ssl=1\" data-elementor-open-lightbox=\"yes\" data-elementor-lightbox-title=\"Accrobranche at Rustrel\" data-e-action-hash=\"#elementor-action%3Aaction%3Dlightbox%26settings%3DeyJpZCI6ODYzLCJ1cmwiOiJodHRwczpcL1wvd3d3Lmxlcy10cm9pcy1jbG9jaGVzLmNvbVwvd3AtY29udGVudFwvdXBsb2Fkc1wvMjAyM1wvMDFcL2FjY3JvYnJhbmNoZS1hdC1SdXN0cmVsLTEuanBnIn0%3D\">\n\t\t\t\t\t\t\t<img decoding=\"async\" width=\"840\" height=\"466\" src=\"https:\/\/i0.wp.com\/www.les-trois-cloches.com\/wp-content\/uploads\/2023\/01\/accrobranche-at-Rustrel-1.jpg?resize=840%2C466&amp;ssl=1\" class=\"attachment-aquentro-thumb-medium size-aquentro-thumb-medium wp-image-863\" alt=\"\" srcset=\"https:\/\/i0.wp.com\/www.les-trois-cloches.com\/wp-content\/uploads\/2023\/01\/accrobranche-at-Rustrel-1.jpg?resize=840%2C466&amp;ssl=1 840w, https:\/\/i0.wp.com\/www.les-trois-cloches.com\/wp-content\/uploads\/2023\/01\/accrobranche-at-Rustrel-1.jpg?zoom=2&amp;resize=840%2C466&amp;ssl=1 1680w\" sizes=\"(max-width: 800px) 100vw, 800px\" \/>\t\t\t\t\t\t\t\t<\/a>\n\t\t\t\t\t\t\t\t\t\t\t\t\t\t\t<\/div>\n\t\t\t\t<\/div>\n\t\t\t\t<div class=\"elementor-element elementor-element-bc841eb elementor-widget elementor-widget-text-editor\" data-id=\"bc841eb\" data-element_type=\"widget\" data-e-type=\"widget\" data-widget_type=\"text-editor.default\">\n\t\t\t\t<div class=\"elementor-widget-container\">\n\t\t\t\t\t\t\t\t\t<p>Diff\u00e9rents clubs d&#8217;accrobranche sont ouverts durant toute la saison, notamment \u00e0 <a href=\"https:\/\/coloradoaventures.com\/\">Rustrel<\/a> ou \u00e0 Lagne.<\/p>\n\t\t\t\t\t\t\t\t<\/div>\n\t\t\t\t<\/div>\n\t\t\t\t\t<\/div>\n\t\t<\/div>\n\t\t\t\t\t<\/div>\n\t\t<\/section>\n\t\t\t\t<section class=\"elementor-section elementor-top-section elementor-element elementor-element-bebc86c elementor-section-boxed elementor-section-height-default elementor-section-height-default\" data-id=\"bebc86c\" data-element_type=\"section\" data-e-type=\"section\">\n\t\t\t\t\t\t<div class=\"elementor-container elementor-column-gap-default\">\n\t\t\t\t\t<div class=\"elementor-column elementor-col-50 elementor-top-column elementor-element elementor-element-c2cddf6\" data-id=\"c2cddf6\" data-element_type=\"column\" data-e-type=\"column\">\n\t\t\t<div class=\"elementor-widget-wrap elementor-element-populated\">\n\t\t\t\t\t\t<div class=\"elementor-element elementor-element-aa1c7ba elementor-widget elementor-widget-image\" data-id=\"aa1c7ba\" data-element_type=\"widget\" data-e-type=\"widget\" data-widget_type=\"image.default\">\n\t\t\t\t<div class=\"elementor-widget-container\">\n\t\t\t\t\t\t\t\t\t\t\t\t\t\t\t\t<a href=\"https:\/\/i0.wp.com\/www.les-trois-cloches.com\/wp-content\/uploads\/2023\/01\/mines-de-bruoux.jpg?ssl=1\" data-elementor-open-lightbox=\"yes\" data-elementor-lightbox-title=\"Mines de bruoux in Gargas\" data-e-action-hash=\"#elementor-action%3Aaction%3Dlightbox%26settings%3DeyJpZCI6ODY3LCJ1cmwiOiJodHRwczpcL1wvd3d3Lmxlcy10cm9pcy1jbG9jaGVzLmNvbVwvd3AtY29udGVudFwvdXBsb2Fkc1wvMjAyM1wvMDFcL21pbmVzLWRlLWJydW91eC5qcGcifQ%3D%3D\">\n\t\t\t\t\t\t\t<img decoding=\"async\" width=\"840\" height=\"466\" src=\"https:\/\/i0.wp.com\/www.les-trois-cloches.com\/wp-content\/uploads\/2023\/01\/mines-de-bruoux.jpg?resize=840%2C466&amp;ssl=1\" class=\"attachment-aquentro-thumb-medium size-aquentro-thumb-medium wp-image-867\" alt=\"\" \/>\t\t\t\t\t\t\t\t<\/a>\n\t\t\t\t\t\t\t\t\t\t\t\t\t\t\t<\/div>\n\t\t\t\t<\/div>\n\t\t\t\t<div class=\"elementor-element elementor-element-29846a8 elementor-widget elementor-widget-text-editor\" data-id=\"29846a8\" data-element_type=\"widget\" data-e-type=\"widget\" data-widget_type=\"text-editor.default\">\n\t\t\t\t<div class=\"elementor-widget-container\">\n\t\t\t\t\t\t\t\t\t<p>D\u00e9couvrez les <a href=\"https:\/\/www.minesdebruoux.fr\/\">mines d&#8217;ocre de Gargas<\/a>, un d\u00e9dale de galeries souterraines o\u00f9 le travail de l&#8217;homme se m\u00eale aux curiosit\u00e9s naturelles des sous-sols provencaux.<\/p>\n\t\t\t\t\t\t\t\t<\/div>\n\t\t\t\t<\/div>\n\t\t\t\t\t<\/div>\n\t\t<\/div>\n\t\t\t\t<div class=\"elementor-column elementor-col-50 elementor-top-column elementor-element elementor-element-5d0081b\" data-id=\"5d0081b\" data-element_type=\"column\" data-e-type=\"column\">\n\t\t\t<div class=\"elementor-widget-wrap elementor-element-populated\">\n\t\t\t\t\t\t<div class=\"elementor-element elementor-element-23feb0a elementor-widget elementor-widget-image\" data-id=\"23feb0a\" data-element_type=\"widget\" data-e-type=\"widget\" data-widget_type=\"image.default\">\n\t\t\t\t<div class=\"elementor-widget-container\">\n\t\t\t\t\t\t\t\t\t\t\t\t\t\t\t\t<a href=\"https:\/\/i0.wp.com\/www.les-trois-cloches.com\/wp-content\/uploads\/2023\/01\/village-des-Bories.jpg?ssl=1\" data-elementor-open-lightbox=\"yes\" data-elementor-lightbox-title=\"village des Bories\" data-e-action-hash=\"#elementor-action%3Aaction%3Dlightbox%26settings%3DeyJpZCI6ODY4LCJ1cmwiOiJodHRwczpcL1wvd3d3Lmxlcy10cm9pcy1jbG9jaGVzLmNvbVwvd3AtY29udGVudFwvdXBsb2Fkc1wvMjAyM1wvMDFcL3ZpbGxhZ2UtZGVzLUJvcmllcy5qcGcifQ%3D%3D\">\n\t\t\t\t\t\t\t<img loading=\"lazy\" decoding=\"async\" width=\"840\" height=\"466\" src=\"https:\/\/i0.wp.com\/www.les-trois-cloches.com\/wp-content\/uploads\/2023\/01\/village-des-Bories.jpg?resize=840%2C466&amp;ssl=1\" class=\"attachment-aquentro-thumb-medium size-aquentro-thumb-medium wp-image-868\" alt=\"\" \/>\t\t\t\t\t\t\t\t<\/a>\n\t\t\t\t\t\t\t\t\t\t\t\t\t\t\t<\/div>\n\t\t\t\t<\/div>\n\t\t\t\t<div class=\"elementor-element elementor-element-8917f1e elementor-widget elementor-widget-text-editor\" data-id=\"8917f1e\" data-element_type=\"widget\" data-e-type=\"widget\" data-widget_type=\"text-editor.default\">\n\t\t\t\t<div class=\"elementor-widget-container\">\n\t\t\t\t\t\t\t\t\t<p>Visite du <a href=\"https:\/\/luberon.fr\/tourisme\/les-sites-touristiques\/monuments\/annu+village-des-bories+1712.html\">village des Bories<\/a> \u00e0 l&#8217;entr\u00e9e de Gordes. On y trouve d&#8217;anciennes habitations remontant \u00e0 l&#8217;\u00e2ge du bronze, enti\u00e8rement reconstruites au XVIIe si\u00e8cle.<\/p>\n\t\t\t\t\t\t\t\t<\/div>\n\t\t\t\t<\/div>\n\t\t\t\t\t<\/div>\n\t\t<\/div>\n\t\t\t\t\t<\/div>\n\t\t<\/section>\n\t\t\t\t<\/div>\n\t\t","protected":false},"excerpt":{"rendered":"<p>La Sorgue offre de multiples activit\u00e9s fluviales, dont le kayak, particuli\u00e8rement agr\u00e9able pendant les chaudes journ\u00e9es d&#8217;\u00e9t\u00e9. Diff\u00e9rents clubs d&#8217;accrobranche sont ouverts durant toute la saison, notamment \u00e0 Rustrel ou \u00e0 Lagne. D\u00e9couvrez les mines d&#8217;ocre de Gargas, un d\u00e9dale de galeries souterraines o\u00f9 le travail de l&#8217;homme se m\u00eale aux curiosit\u00e9s naturelles des sous-sols &hellip; <a href=\"https:\/\/www.les-trois-cloches.com\/fr\/le-pays\/a-faire-en-famille\/\" class=\"more-link\">Continue reading<span class=\"screen-reader-text\"> &#8220;A faire en famille&#8221;<\/span><\/a><\/p>\n","protected":false},"author":2,"featured_media":1209,"parent":1287,"menu_order":3,"comment_status":"closed","ping_status":"closed","template":"","meta":{"inline_featured_image":false,"footnotes":""},"class_list":["post-1290","page","type-page","status-publish","has-post-thumbnail","hentry"],"aioseo_notices":[],"jetpack_sharing_enabled":true,"_links":{"self":[{"href":"https:\/\/www.les-trois-cloches.com\/fr\/wp-json\/wp\/v2\/pages\/1290","targetHints":{"allow":["GET"]}}],"collection":[{"href":"https:\/\/www.les-trois-cloches.com\/fr\/wp-json\/wp\/v2\/pages"}],"about":[{"href":"https:\/\/www.les-trois-cloches.com\/fr\/wp-json\/wp\/v2\/types\/page"}],"author":[{"embeddable":true,"href":"https:\/\/www.les-trois-cloches.com\/fr\/wp-json\/wp\/v2\/users\/2"}],"replies":[{"embeddable":true,"href":"https:\/\/www.les-trois-cloches.com\/fr\/wp-json\/wp\/v2\/comments?post=1290"}],"version-history":[{"count":6,"href":"https:\/\/www.les-trois-cloches.com\/fr\/wp-json\/wp\/v2\/pages\/1290\/revisions"}],"predecessor-version":[{"id":1432,"href":"https:\/\/www.les-trois-cloches.com\/fr\/wp-json\/wp\/v2\/pages\/1290\/revisions\/1432"}],"up":[{"embeddable":true,"href":"https:\/\/www.les-trois-cloches.com\/fr\/wp-json\/wp\/v2\/pages\/1287"}],"wp:featuredmedia":[{"embeddable":true,"href":"https:\/\/www.les-trois-cloches.com\/fr\/wp-json\/wp\/v2\/media\/1209"}],"wp:attachment":[{"href":"https:\/\/www.les-trois-cloches.com\/fr\/wp-json\/wp\/v2\/media?parent=1290"}],"curies":[{"name":"wp","href":"https:\/\/api.w.org\/{rel}","templated":true}]}}