{"id":1291,"date":"2018-07-19T09:20:20","date_gmt":"2018-07-19T08:20:20","guid":{"rendered":"https:\/\/www.les-trois-cloches.com\/neighborhood\/cultural-attractions\/"},"modified":"2023-01-19T17:33:08","modified_gmt":"2023-01-19T16:33:08","slug":"activites-culturelles","status":"publish","type":"page","link":"https:\/\/www.les-trois-cloches.com\/fr\/le-pays\/activites-culturelles\/","title":{"rendered":"Activit\u00e9s culturelles"},"content":{"rendered":"\t\t<div data-elementor-type=\"wp-page\" data-elementor-id=\"1291\" class=\"elementor elementor-1291 elementor-74\" data-elementor-post-type=\"page\">\n\t\t\t\t\t\t<section class=\"elementor-section elementor-top-section elementor-element elementor-element-6d4137b elementor-section-boxed elementor-section-height-default elementor-section-height-default\" data-id=\"6d4137b\" data-element_type=\"section\" data-e-type=\"section\">\n\t\t\t\t\t\t<div class=\"elementor-container elementor-column-gap-default\">\n\t\t\t\t\t<div class=\"elementor-column elementor-col-50 elementor-top-column elementor-element elementor-element-c58c574\" data-id=\"c58c574\" data-element_type=\"column\" data-e-type=\"column\">\n\t\t\t<div class=\"elementor-widget-wrap elementor-element-populated\">\n\t\t\t\t\t\t<div class=\"elementor-element elementor-element-7e4f326 elementor-widget elementor-widget-image\" data-id=\"7e4f326\" data-element_type=\"widget\" data-e-type=\"widget\" data-widget_type=\"image.default\">\n\t\t\t\t<div class=\"elementor-widget-container\">\n\t\t\t\t\t\t\t\t\t\t\t\t\t\t\t\t<a href=\"https:\/\/i0.wp.com\/www.les-trois-cloches.com\/wp-content\/uploads\/2023\/01\/WhatsApp-Image-2022-10-31-at-17.09.19.jpeg?ssl=1\" data-elementor-open-lightbox=\"yes\" data-elementor-lightbox-title=\"WhatsApp Image 2022-10-31 at 17.09.19\" data-e-action-hash=\"#elementor-action%3Aaction%3Dlightbox%26settings%3DeyJpZCI6MzQ1LCJ1cmwiOiJodHRwczpcL1wvd3d3Lmxlcy10cm9pcy1jbG9jaGVzLmNvbVwvd3AtY29udGVudFwvdXBsb2Fkc1wvMjAyM1wvMDFcL1doYXRzQXBwLUltYWdlLTIwMjItMTAtMzEtYXQtMTcuMDkuMTkuanBlZyJ9\">\n\t\t\t\t\t\t\t<img fetchpriority=\"high\" decoding=\"async\" width=\"840\" height=\"466\" src=\"https:\/\/i0.wp.com\/www.les-trois-cloches.com\/wp-content\/uploads\/2023\/01\/WhatsApp-Image-2022-10-31-at-17.09.19.jpeg?resize=840%2C466&amp;ssl=1\" class=\"attachment-aquentro-thumb-medium size-aquentro-thumb-medium wp-image-345\" alt=\"\" srcset=\"https:\/\/i0.wp.com\/www.les-trois-cloches.com\/wp-content\/uploads\/2023\/01\/WhatsApp-Image-2022-10-31-at-17.09.19.jpeg?resize=840%2C466&amp;ssl=1 840w, https:\/\/i0.wp.com\/www.les-trois-cloches.com\/wp-content\/uploads\/2023\/01\/WhatsApp-Image-2022-10-31-at-17.09.19.jpeg?zoom=2&amp;resize=840%2C466&amp;ssl=1 1680w\" sizes=\"(max-width: 800px) 100vw, 800px\" \/>\t\t\t\t\t\t\t\t<\/a>\n\t\t\t\t\t\t\t\t\t\t\t\t\t\t\t<\/div>\n\t\t\t\t<\/div>\n\t\t\t\t<div class=\"elementor-element elementor-element-20dfe68 elementor-widget elementor-widget-text-editor\" data-id=\"20dfe68\" data-element_type=\"widget\" data-e-type=\"widget\" data-widget_type=\"text-editor.default\">\n\t\t\t\t<div class=\"elementor-widget-container\">\n\t\t\t\t\t\t\t\t\t<p>D\u00e9couvrez <a href=\"https:\/\/youtu.be\/KIok2FX6n_E\">Opp\u00e8de le Vieux<\/a>, village perch\u00e9 du Luberon et point de d\u00e9part de superbes randonn\u00e9es. Photos, histoire et tourisme dans ce lieu embl\u00e9matique de la Provence.<\/p>\n\t\t\t\t\t\t\t\t<\/div>\n\t\t\t\t<\/div>\n\t\t\t\t\t<\/div>\n\t\t<\/div>\n\t\t\t\t<div class=\"elementor-column elementor-col-50 elementor-top-column elementor-element elementor-element-6fc46c6\" data-id=\"6fc46c6\" data-element_type=\"column\" data-e-type=\"column\">\n\t\t\t<div class=\"elementor-widget-wrap elementor-element-populated\">\n\t\t\t\t\t\t<div class=\"elementor-element elementor-element-3be2bee elementor-widget elementor-widget-image\" data-id=\"3be2bee\" data-element_type=\"widget\" data-e-type=\"widget\" data-widget_type=\"image.default\">\n\t\t\t\t<div class=\"elementor-widget-container\">\n\t\t\t\t\t\t\t\t\t\t\t\t\t\t\t<img decoding=\"async\" width=\"840\" height=\"466\" src=\"https:\/\/i0.wp.com\/www.les-trois-cloches.com\/wp-content\/uploads\/2023\/01\/abbaye-de-senanque.jpg?resize=840%2C466&amp;ssl=1\" class=\"attachment-aquentro-thumb-medium size-aquentro-thumb-medium wp-image-582\" alt=\"\" \/>\t\t\t\t\t\t\t\t\t\t\t\t\t\t\t<\/div>\n\t\t\t\t<\/div>\n\t\t\t\t<div class=\"elementor-element elementor-element-01038ea elementor-widget elementor-widget-text-editor\" data-id=\"01038ea\" data-element_type=\"widget\" data-e-type=\"widget\" data-widget_type=\"text-editor.default\">\n\t\t\t\t<div class=\"elementor-widget-container\">\n\t\t\t\t\t\t\t\t\t<p>Visitez la magnifique <a href=\"https:\/\/www.senanque.fr\/en\/\">abbaye de Senaque<\/a> (1148), quatri\u00e8me abbaye cistercienne fond\u00e9e en Provence, apr\u00e8s Le Thoronet, Aiguebelle et Silvacane. Accessible en voiture ou par diverses randonn\u00e9es.  <\/p>\n\t\t\t\t\t\t\t\t<\/div>\n\t\t\t\t<\/div>\n\t\t\t\t\t<\/div>\n\t\t<\/div>\n\t\t\t\t\t<\/div>\n\t\t<\/section>\n\t\t\t\t<section class=\"elementor-section elementor-top-section elementor-element elementor-element-43ed2ec elementor-section-boxed elementor-section-height-default elementor-section-height-default\" data-id=\"43ed2ec\" data-element_type=\"section\" data-e-type=\"section\">\n\t\t\t\t\t\t<div class=\"elementor-container elementor-column-gap-default\">\n\t\t\t\t\t<div class=\"elementor-column elementor-col-50 elementor-top-column elementor-element elementor-element-685713d\" data-id=\"685713d\" data-element_type=\"column\" data-e-type=\"column\">\n\t\t\t<div class=\"elementor-widget-wrap elementor-element-populated\">\n\t\t\t\t\t\t<div class=\"elementor-element elementor-element-287c9c0 elementor-widget elementor-widget-image\" data-id=\"287c9c0\" data-element_type=\"widget\" data-e-type=\"widget\" data-widget_type=\"image.default\">\n\t\t\t\t<div class=\"elementor-widget-container\">\n\t\t\t\t\t\t\t\t\t\t\t\t\t\t\t\t<a href=\"https:\/\/i0.wp.com\/www.les-trois-cloches.com\/wp-content\/uploads\/2023\/01\/Gordes.jpg?ssl=1\" data-elementor-open-lightbox=\"yes\" data-elementor-lightbox-title=\"Gordes\" data-e-action-hash=\"#elementor-action%3Aaction%3Dlightbox%26settings%3DeyJpZCI6NTM3LCJ1cmwiOiJodHRwczpcL1wvd3d3Lmxlcy10cm9pcy1jbG9jaGVzLmNvbVwvd3AtY29udGVudFwvdXBsb2Fkc1wvMjAyM1wvMDFcL0dvcmRlcy5qcGcifQ%3D%3D\">\n\t\t\t\t\t\t\t<img decoding=\"async\" width=\"840\" height=\"466\" src=\"https:\/\/i0.wp.com\/www.les-trois-cloches.com\/wp-content\/uploads\/2023\/01\/Gordes.jpg?resize=840%2C466&amp;ssl=1\" class=\"attachment-aquentro-thumb-medium size-aquentro-thumb-medium wp-image-537\" alt=\"\" \/>\t\t\t\t\t\t\t\t<\/a>\n\t\t\t\t\t\t\t\t\t\t\t\t\t\t\t<\/div>\n\t\t\t\t<\/div>\n\t\t\t\t<div class=\"elementor-element elementor-element-675d2a4 elementor-widget elementor-widget-text-editor\" data-id=\"675d2a4\" data-element_type=\"widget\" data-e-type=\"widget\" data-widget_type=\"text-editor.default\">\n\t\t\t\t<div class=\"elementor-widget-container\">\n\t\t\t\t\t\t\t\t\t<p>A 10 minutes des 3 Cloches, profitez du spectaculaire village de <a href=\"https:\/\/www.gordes-village.com\/\">Gordes<\/a>, l&#8217;un des villages les plus visit\u00e9s du Parc Naturel R\u00e9gional du Luberon.<\/p>\n\t\t\t\t\t\t\t\t<\/div>\n\t\t\t\t<\/div>\n\t\t\t\t\t<\/div>\n\t\t<\/div>\n\t\t\t\t<div class=\"elementor-column elementor-col-50 elementor-top-column elementor-element elementor-element-a9f775c\" data-id=\"a9f775c\" data-element_type=\"column\" data-e-type=\"column\">\n\t\t\t<div class=\"elementor-widget-wrap elementor-element-populated\">\n\t\t\t\t\t\t<div class=\"elementor-element elementor-element-ad0bc8c elementor-widget elementor-widget-image\" data-id=\"ad0bc8c\" data-element_type=\"widget\" data-e-type=\"widget\" data-widget_type=\"image.default\">\n\t\t\t\t<div class=\"elementor-widget-container\">\n\t\t\t\t\t\t\t\t\t\t\t\t\t\t\t<img loading=\"lazy\" decoding=\"async\" width=\"840\" height=\"466\" src=\"https:\/\/i0.wp.com\/www.les-trois-cloches.com\/wp-content\/uploads\/2023\/01\/Roussillon-2-e1673262389402.jpg?resize=840%2C466&amp;ssl=1\" class=\"attachment-aquentro-thumb-medium size-aquentro-thumb-medium wp-image-589\" alt=\"\" \/>\t\t\t\t\t\t\t\t\t\t\t\t\t\t\t<\/div>\n\t\t\t\t<\/div>\n\t\t\t\t<div class=\"elementor-element elementor-element-c247c58 elementor-widget elementor-widget-text-editor\" data-id=\"c247c58\" data-element_type=\"widget\" data-e-type=\"widget\" data-widget_type=\"text-editor.default\">\n\t\t\t\t<div class=\"elementor-widget-container\">\n\t\t\t\t\t\t\t\t\t<p>Le <a href=\"http:\/\/www.roussillon-en-provence.fr\/\">village de Roussillon<\/a>, situ\u00e9 \u00e0 quelques minutes de la maison, offre une grande vari\u00e9t\u00e9 d&#8217;activit\u00e9s : visite des ocres, VTT, randonn\u00e9es color\u00e9es&#8230;<\/p>\n\t\t\t\t\t\t\t\t<\/div>\n\t\t\t\t<\/div>\n\t\t\t\t\t<\/div>\n\t\t<\/div>\n\t\t\t\t\t<\/div>\n\t\t<\/section>\n\t\t\t\t<\/div>\n\t\t","protected":false},"excerpt":{"rendered":"<p>D\u00e9couvrez Opp\u00e8de le Vieux, village perch\u00e9 du Luberon et point de d\u00e9part de superbes randonn\u00e9es. Photos, histoire et tourisme dans ce lieu embl\u00e9matique de la Provence. Visitez la magnifique abbaye de Senaque (1148), quatri\u00e8me abbaye cistercienne fond\u00e9e en Provence, apr\u00e8s Le Thoronet, Aiguebelle et Silvacane. Accessible en voiture ou par diverses randonn\u00e9es. A 10 minutes &hellip; <a href=\"https:\/\/www.les-trois-cloches.com\/fr\/le-pays\/activites-culturelles\/\" class=\"more-link\">Continue reading<span class=\"screen-reader-text\"> &#8220;Activit\u00e9s culturelles&#8221;<\/span><\/a><\/p>\n","protected":false},"author":2,"featured_media":1184,"parent":1287,"menu_order":2,"comment_status":"closed","ping_status":"closed","template":"","meta":{"inline_featured_image":false,"footnotes":""},"class_list":["post-1291","page","type-page","status-publish","has-post-thumbnail","hentry"],"aioseo_notices":[],"jetpack_sharing_enabled":true,"_links":{"self":[{"href":"https:\/\/www.les-trois-cloches.com\/fr\/wp-json\/wp\/v2\/pages\/1291","targetHints":{"allow":["GET"]}}],"collection":[{"href":"https:\/\/www.les-trois-cloches.com\/fr\/wp-json\/wp\/v2\/pages"}],"about":[{"href":"https:\/\/www.les-trois-cloches.com\/fr\/wp-json\/wp\/v2\/types\/page"}],"author":[{"embeddable":true,"href":"https:\/\/www.les-trois-cloches.com\/fr\/wp-json\/wp\/v2\/users\/2"}],"replies":[{"embeddable":true,"href":"https:\/\/www.les-trois-cloches.com\/fr\/wp-json\/wp\/v2\/comments?post=1291"}],"version-history":[{"count":4,"href":"https:\/\/www.les-trois-cloches.com\/fr\/wp-json\/wp\/v2\/pages\/1291\/revisions"}],"predecessor-version":[{"id":1434,"href":"https:\/\/www.les-trois-cloches.com\/fr\/wp-json\/wp\/v2\/pages\/1291\/revisions\/1434"}],"up":[{"embeddable":true,"href":"https:\/\/www.les-trois-cloches.com\/fr\/wp-json\/wp\/v2\/pages\/1287"}],"wp:featuredmedia":[{"embeddable":true,"href":"https:\/\/www.les-trois-cloches.com\/fr\/wp-json\/wp\/v2\/media\/1184"}],"wp:attachment":[{"href":"https:\/\/www.les-trois-cloches.com\/fr\/wp-json\/wp\/v2\/media?parent=1291"}],"curies":[{"name":"wp","href":"https:\/\/api.w.org\/{rel}","templated":true}]}}