{"id":1292,"date":"2018-07-19T09:19:55","date_gmt":"2018-07-19T08:19:55","guid":{"rendered":"https:\/\/www.les-trois-cloches.com\/neighborhood\/dinning-retail\/"},"modified":"2023-01-19T17:32:59","modified_gmt":"2023-01-19T16:32:59","slug":"cafes-et-restaurants","status":"publish","type":"page","link":"https:\/\/www.les-trois-cloches.com\/fr\/le-pays\/cafes-et-restaurants\/","title":{"rendered":"Caf\u00e9s et restaurants"},"content":{"rendered":"\t\t<div data-elementor-type=\"wp-page\" data-elementor-id=\"1292\" class=\"elementor elementor-1292 elementor-72\" data-elementor-post-type=\"page\">\n\t\t\t\t\t\t<section class=\"elementor-section elementor-top-section elementor-element elementor-element-6f38238 elementor-section-boxed elementor-section-height-default elementor-section-height-default\" data-id=\"6f38238\" data-element_type=\"section\" data-e-type=\"section\">\n\t\t\t\t\t\t<div class=\"elementor-container elementor-column-gap-default\">\n\t\t\t\t\t<div class=\"elementor-column elementor-col-50 elementor-top-column elementor-element elementor-element-70003c3\" data-id=\"70003c3\" data-element_type=\"column\" data-e-type=\"column\">\n\t\t\t<div class=\"elementor-widget-wrap elementor-element-populated\">\n\t\t\t\t\t\t<div class=\"elementor-element elementor-element-e7e913f elementor-widget elementor-widget-image\" data-id=\"e7e913f\" data-element_type=\"widget\" data-e-type=\"widget\" data-widget_type=\"image.default\">\n\t\t\t\t<div class=\"elementor-widget-container\">\n\t\t\t\t\t\t\t\t\t\t\t\t\t\t\t\t<a href=\"https:\/\/i0.wp.com\/www.les-trois-cloches.com\/wp-content\/uploads\/2023\/01\/joucas-la-terrasse.jpg?ssl=1\" data-elementor-open-lightbox=\"yes\" data-elementor-lightbox-title=\"joucas-la terrasse\" data-e-action-hash=\"#elementor-action%3Aaction%3Dlightbox%26settings%3DeyJpZCI6NDI1LCJ1cmwiOiJodHRwczpcL1wvd3d3Lmxlcy10cm9pcy1jbG9jaGVzLmNvbVwvd3AtY29udGVudFwvdXBsb2Fkc1wvMjAyM1wvMDFcL2pvdWNhcy1sYS10ZXJyYXNzZS5qcGcifQ%3D%3D\">\n\t\t\t\t\t\t\t<img fetchpriority=\"high\" decoding=\"async\" width=\"840\" height=\"466\" src=\"https:\/\/i0.wp.com\/www.les-trois-cloches.com\/wp-content\/uploads\/2023\/01\/joucas-la-terrasse.jpg?resize=840%2C466&amp;ssl=1\" class=\"attachment-aquentro-thumb-medium size-aquentro-thumb-medium wp-image-425\" alt=\"\" \/>\t\t\t\t\t\t\t\t<\/a>\n\t\t\t\t\t\t\t\t\t\t\t\t\t\t\t<\/div>\n\t\t\t\t<\/div>\n\t\t\t\t<div class=\"elementor-element elementor-element-0db9d1f elementor-widget elementor-widget-text-editor\" data-id=\"0db9d1f\" data-element_type=\"widget\" data-e-type=\"widget\" data-widget_type=\"text-editor.default\">\n\t\t\t\t<div class=\"elementor-widget-container\">\n\t\t\t\t\t\t\t\t\t<p>Restaurant simple mais vue imprenable \u00e0 <a href=\"https:\/\/goo.gl\/maps\/ABAJTH5rXUSu4QjX9\">La Terrasse<\/a>, \u00e0 Joucas. V\u00e9rifiez les disponibilit\u00e9s et les saisons  <\/p>\n\t\t\t\t\t\t\t\t<\/div>\n\t\t\t\t<\/div>\n\t\t\t\t\t<\/div>\n\t\t<\/div>\n\t\t\t\t<div class=\"elementor-column elementor-col-50 elementor-top-column elementor-element elementor-element-af27250\" data-id=\"af27250\" data-element_type=\"column\" data-e-type=\"column\">\n\t\t\t<div class=\"elementor-widget-wrap elementor-element-populated\">\n\t\t\t\t\t\t<div class=\"elementor-element elementor-element-43b649c elementor-widget elementor-widget-image\" data-id=\"43b649c\" data-element_type=\"widget\" data-e-type=\"widget\" data-widget_type=\"image.default\">\n\t\t\t\t<div class=\"elementor-widget-container\">\n\t\t\t\t\t\t\t\t\t\t\t\t\t\t\t\t<a href=\"https:\/\/i0.wp.com\/www.les-trois-cloches.com\/wp-content\/uploads\/2023\/01\/Clover-Gordes.jpg?ssl=1\" data-elementor-open-lightbox=\"yes\" data-elementor-lightbox-title=\"Clover Gordes\" data-e-action-hash=\"#elementor-action%3Aaction%3Dlightbox%26settings%3DeyJpZCI6Nzc1LCJ1cmwiOiJodHRwczpcL1wvd3d3Lmxlcy10cm9pcy1jbG9jaGVzLmNvbVwvd3AtY29udGVudFwvdXBsb2Fkc1wvMjAyM1wvMDFcL0Nsb3Zlci1Hb3JkZXMuanBnIn0%3D\">\n\t\t\t\t\t\t\t<img decoding=\"async\" width=\"840\" height=\"466\" src=\"https:\/\/i0.wp.com\/www.les-trois-cloches.com\/wp-content\/uploads\/2023\/01\/Clover-Gordes.jpg?resize=840%2C466&amp;ssl=1\" class=\"attachment-aquentro-thumb-medium size-aquentro-thumb-medium wp-image-775\" alt=\"\" srcset=\"https:\/\/i0.wp.com\/www.les-trois-cloches.com\/wp-content\/uploads\/2023\/01\/Clover-Gordes.jpg?resize=840%2C466&amp;ssl=1 840w, https:\/\/i0.wp.com\/www.les-trois-cloches.com\/wp-content\/uploads\/2023\/01\/Clover-Gordes.jpg?zoom=2&amp;resize=840%2C466&amp;ssl=1 1680w\" sizes=\"(max-width: 800px) 100vw, 800px\" \/>\t\t\t\t\t\t\t\t<\/a>\n\t\t\t\t\t\t\t\t\t\t\t\t\t\t\t<\/div>\n\t\t\t\t<\/div>\n\t\t\t\t<div class=\"elementor-element elementor-element-70554d3 elementor-widget elementor-widget-text-editor\" data-id=\"70554d3\" data-element_type=\"widget\" data-e-type=\"widget\" data-widget_type=\"text-editor.default\">\n\t\t\t\t<div class=\"elementor-widget-container\">\n\t\t\t\t\t\t\t\t\t<p>Restaurant du c\u00e9l\u00e8bre chef \u00e9toil\u00e9 Jean-Fran\u00e7ois Pi\u00e8ge, <a href=\"https:\/\/airelles.com\/fr\/destination\/gordes-hotel\/restaurants\/clover-gordes-jean-francois-piege-cuisine-terroir-terrasse\">Clover Gordes<\/a> propose une cuisine proven\u00e7ale en reprenant ses plats signatures.<\/p>\n\t\t\t\t\t\t\t\t<\/div>\n\t\t\t\t<\/div>\n\t\t\t\t\t<\/div>\n\t\t<\/div>\n\t\t\t\t\t<\/div>\n\t\t<\/section>\n\t\t\t\t<section class=\"elementor-section elementor-top-section elementor-element elementor-element-cd6c375 elementor-section-boxed elementor-section-height-default elementor-section-height-default\" data-id=\"cd6c375\" data-element_type=\"section\" data-e-type=\"section\">\n\t\t\t\t\t\t<div class=\"elementor-container elementor-column-gap-default\">\n\t\t\t\t\t<div class=\"elementor-column elementor-col-50 elementor-top-column elementor-element elementor-element-c37dc4c\" data-id=\"c37dc4c\" data-element_type=\"column\" data-e-type=\"column\">\n\t\t\t<div class=\"elementor-widget-wrap elementor-element-populated\">\n\t\t\t\t\t\t<div class=\"elementor-element elementor-element-efe005c elementor-widget elementor-widget-image\" data-id=\"efe005c\" data-element_type=\"widget\" data-e-type=\"widget\" data-widget_type=\"image.default\">\n\t\t\t\t<div class=\"elementor-widget-container\">\n\t\t\t\t\t\t\t\t\t\t\t\t\t\t\t\t<a href=\"https:\/\/i0.wp.com\/www.les-trois-cloches.com\/wp-content\/uploads\/2023\/01\/Facebook.jpg?ssl=1\" data-elementor-open-lightbox=\"yes\" data-elementor-lightbox-title=\"Restaurant Domitia\" data-e-action-hash=\"#elementor-action%3Aaction%3Dlightbox%26settings%3DeyJpZCI6NDI3LCJ1cmwiOiJodHRwczpcL1wvd3d3Lmxlcy10cm9pcy1jbG9jaGVzLmNvbVwvd3AtY29udGVudFwvdXBsb2Fkc1wvMjAyM1wvMDFcL0ZhY2Vib29rLmpwZyJ9\">\n\t\t\t\t\t\t\t<img decoding=\"async\" width=\"840\" height=\"466\" src=\"https:\/\/i0.wp.com\/www.les-trois-cloches.com\/wp-content\/uploads\/2023\/01\/Facebook.jpg?resize=840%2C466&amp;ssl=1\" class=\"attachment-aquentro-thumb-medium size-aquentro-thumb-medium wp-image-427\" alt=\"\" \/>\t\t\t\t\t\t\t\t<\/a>\n\t\t\t\t\t\t\t\t\t\t\t\t\t\t\t<\/div>\n\t\t\t\t<\/div>\n\t\t\t\t<div class=\"elementor-element elementor-element-f54b43b elementor-widget elementor-widget-text-editor\" data-id=\"f54b43b\" data-element_type=\"widget\" data-e-type=\"widget\" data-widget_type=\"text-editor.default\">\n\t\t\t\t<div class=\"elementor-widget-container\">\n\t\t\t\t\t\t\t\t\t<p>Pour une v\u00e9ritable exp\u00e9rience gastronomique, essayez un d\u00eener chez <a href=\"https:\/\/www.facebook.com\/DomitiaMaisondeCuisinier\">Domitia<\/a> aux Baumettes. R\u00e9servation fortement recommand\u00e9e.<\/p>\n\t\t\t\t\t\t\t\t<\/div>\n\t\t\t\t<\/div>\n\t\t\t\t\t<\/div>\n\t\t<\/div>\n\t\t\t\t<div class=\"elementor-column elementor-col-50 elementor-top-column elementor-element elementor-element-6bb340e\" data-id=\"6bb340e\" data-element_type=\"column\" data-e-type=\"column\">\n\t\t\t<div class=\"elementor-widget-wrap elementor-element-populated\">\n\t\t\t\t\t\t<div class=\"elementor-element elementor-element-f85ff6c elementor-widget elementor-widget-image\" data-id=\"f85ff6c\" data-element_type=\"widget\" data-e-type=\"widget\" data-widget_type=\"image.default\">\n\t\t\t\t<div class=\"elementor-widget-container\">\n\t\t\t\t\t\t\t\t\t\t\t\t\t\t\t\t<a href=\"https:\/\/i0.wp.com\/www.les-trois-cloches.com\/wp-content\/uploads\/2023\/01\/Le-Cercle-Republicain-de-Gordes.jpg?ssl=1\" data-elementor-open-lightbox=\"yes\" data-elementor-lightbox-title=\"Le Cercle R\u00e9publicain de Gordes\" data-e-action-hash=\"#elementor-action%3Aaction%3Dlightbox%26settings%3DeyJpZCI6NDIzLCJ1cmwiOiJodHRwczpcL1wvd3d3Lmxlcy10cm9pcy1jbG9jaGVzLmNvbVwvd3AtY29udGVudFwvdXBsb2Fkc1wvMjAyM1wvMDFcL0xlLUNlcmNsZS1SZXB1YmxpY2Fpbi1kZS1Hb3JkZXMuanBnIn0%3D\">\n\t\t\t\t\t\t\t<img loading=\"lazy\" decoding=\"async\" width=\"840\" height=\"466\" src=\"https:\/\/i0.wp.com\/www.les-trois-cloches.com\/wp-content\/uploads\/2023\/01\/Le-Cercle-Republicain-de-Gordes.jpg?resize=840%2C466&amp;ssl=1\" class=\"attachment-aquentro-thumb-medium size-aquentro-thumb-medium wp-image-423\" alt=\"\" \/>\t\t\t\t\t\t\t\t<\/a>\n\t\t\t\t\t\t\t\t\t\t\t\t\t\t\t<\/div>\n\t\t\t\t<\/div>\n\t\t\t\t<div class=\"elementor-element elementor-element-6e1689f elementor-widget elementor-widget-text-editor\" data-id=\"6e1689f\" data-element_type=\"widget\" data-e-type=\"widget\" data-widget_type=\"text-editor.default\">\n\t\t\t\t<div class=\"elementor-widget-container\">\n\t\t\t\t\t\t\t\t\t<p><a href=\"https:\/\/goo.gl\/maps\/p2R6uubFn2vBTjNTA\">Le Cercle R\u00e9publicain<\/a>: un caf\u00e9 simple et sans pr\u00e9tention mais certainement l&#8217;une des plus belles vues de Gordes.<\/p>\n\t\t\t\t\t\t\t\t<\/div>\n\t\t\t\t<\/div>\n\t\t\t\t\t<\/div>\n\t\t<\/div>\n\t\t\t\t\t<\/div>\n\t\t<\/section>\n\t\t\t\t<\/div>\n\t\t","protected":false},"excerpt":{"rendered":"<p>Restaurant simple mais vue imprenable \u00e0 La Terrasse, \u00e0 Joucas. V\u00e9rifiez les disponibilit\u00e9s et les saisons Restaurant du c\u00e9l\u00e8bre chef \u00e9toil\u00e9 Jean-Fran\u00e7ois Pi\u00e8ge, Clover Gordes propose une cuisine proven\u00e7ale en reprenant ses plats signatures. Pour une v\u00e9ritable exp\u00e9rience gastronomique, essayez un d\u00eener chez Domitia aux Baumettes. R\u00e9servation fortement recommand\u00e9e. Le Cercle R\u00e9publicain: un caf\u00e9 simple &hellip; <a href=\"https:\/\/www.les-trois-cloches.com\/fr\/le-pays\/cafes-et-restaurants\/\" class=\"more-link\">Continue reading<span class=\"screen-reader-text\"> &#8220;Caf\u00e9s et restaurants&#8221;<\/span><\/a><\/p>\n","protected":false},"author":2,"featured_media":1202,"parent":1287,"menu_order":1,"comment_status":"closed","ping_status":"closed","template":"","meta":{"inline_featured_image":false,"footnotes":""},"class_list":["post-1292","page","type-page","status-publish","has-post-thumbnail","hentry"],"aioseo_notices":[],"jetpack_sharing_enabled":true,"_links":{"self":[{"href":"https:\/\/www.les-trois-cloches.com\/fr\/wp-json\/wp\/v2\/pages\/1292","targetHints":{"allow":["GET"]}}],"collection":[{"href":"https:\/\/www.les-trois-cloches.com\/fr\/wp-json\/wp\/v2\/pages"}],"about":[{"href":"https:\/\/www.les-trois-cloches.com\/fr\/wp-json\/wp\/v2\/types\/page"}],"author":[{"embeddable":true,"href":"https:\/\/www.les-trois-cloches.com\/fr\/wp-json\/wp\/v2\/users\/2"}],"replies":[{"embeddable":true,"href":"https:\/\/www.les-trois-cloches.com\/fr\/wp-json\/wp\/v2\/comments?post=1292"}],"version-history":[{"count":2,"href":"https:\/\/www.les-trois-cloches.com\/fr\/wp-json\/wp\/v2\/pages\/1292\/revisions"}],"predecessor-version":[{"id":1380,"href":"https:\/\/www.les-trois-cloches.com\/fr\/wp-json\/wp\/v2\/pages\/1292\/revisions\/1380"}],"up":[{"embeddable":true,"href":"https:\/\/www.les-trois-cloches.com\/fr\/wp-json\/wp\/v2\/pages\/1287"}],"wp:featuredmedia":[{"embeddable":true,"href":"https:\/\/www.les-trois-cloches.com\/fr\/wp-json\/wp\/v2\/media\/1202"}],"wp:attachment":[{"href":"https:\/\/www.les-trois-cloches.com\/fr\/wp-json\/wp\/v2\/media?parent=1292"}],"curies":[{"name":"wp","href":"https:\/\/api.w.org\/{rel}","templated":true}]}}