{"id":1300,"date":"2018-07-19T08:23:55","date_gmt":"2018-07-19T07:23:55","guid":{"rendered":"https:\/\/www.les-trois-cloches.com\/house-and-surroundings\/"},"modified":"2023-01-26T10:40:22","modified_gmt":"2023-01-26T09:40:22","slug":"la-maison-et-les-environs","status":"publish","type":"page","link":"https:\/\/www.les-trois-cloches.com\/fr\/la-maison-et-les-environs\/","title":{"rendered":"Autour de la maison"},"content":{"rendered":"\t\t<div data-elementor-type=\"wp-page\" data-elementor-id=\"1300\" class=\"elementor elementor-1300 elementor-19\" data-elementor-post-type=\"page\">\n\t\t\t\t\t\t<section class=\"elementor-section elementor-top-section elementor-element elementor-element-70c3904e elementor-section-boxed elementor-section-height-default elementor-section-height-default\" data-id=\"70c3904e\" data-element_type=\"section\" data-e-type=\"section\">\n\t\t\t\t\t\t<div class=\"elementor-container elementor-column-gap-default\">\n\t\t\t\t\t<div class=\"elementor-column elementor-col-100 elementor-top-column elementor-element elementor-element-57b025e5\" data-id=\"57b025e5\" data-element_type=\"column\" data-e-type=\"column\">\n\t\t\t<div class=\"elementor-widget-wrap elementor-element-populated\">\n\t\t\t\t\t\t<div class=\"elementor-element elementor-element-256e3029 elementor-widget elementor-widget-text-editor\" data-id=\"256e3029\" data-element_type=\"widget\" data-e-type=\"widget\" data-widget_type=\"text-editor.default\">\n\t\t\t\t<div class=\"elementor-widget-container\">\n\t\t\t\t\t\t\t\t\t<p style=\"text-align: center;\">La maison est compos\u00e9e d&#8217;un grand salon ouvert sur la vue et les ext\u00e9rieurs. Elle comporte 4 chambres &#8211; dont deux suites avec salles de bains priv\u00e9es. Dehors, aucun vis-\u00e0-vis, si ce n&#8217;est la falaise et le parc naturel du Luberon, enti\u00e8rement offerts \u00e0 vos envies de randonn\u00e9es ou de repos contemplatif.<\/p>\n\t\t\t\t\t\t\t\t<\/div>\n\t\t\t\t<\/div>\n\t\t\t\t\t<\/div>\n\t\t<\/div>\n\t\t\t\t\t<\/div>\n\t\t<\/section>\n\t\t\t\t<section class=\"elementor-section elementor-top-section elementor-element elementor-element-c317160 elementor-section-boxed elementor-section-height-default elementor-section-height-default\" data-id=\"c317160\" data-element_type=\"section\" data-e-type=\"section\">\n\t\t\t\t\t\t<div class=\"elementor-container elementor-column-gap-no\">\n\t\t\t\t\t<div class=\"elementor-column elementor-col-100 elementor-top-column elementor-element elementor-element-82ce3d3\" data-id=\"82ce3d3\" data-element_type=\"column\" data-e-type=\"column\">\n\t\t\t<div class=\"elementor-widget-wrap elementor-element-populated\">\n\t\t\t\t\t\t<section class=\"elementor-section elementor-inner-section elementor-element elementor-element-52adcb1 elementor-section-boxed elementor-section-height-default elementor-section-height-default\" data-id=\"52adcb1\" data-element_type=\"section\" data-e-type=\"section\">\n\t\t\t\t\t\t<div class=\"elementor-container elementor-column-gap-custom\">\n\t\t\t\t\t<div class=\"elementor-column elementor-col-50 elementor-inner-column elementor-element elementor-element-2beab89\" data-id=\"2beab89\" data-element_type=\"column\" data-e-type=\"column\">\n\t\t\t<div class=\"elementor-widget-wrap elementor-element-populated\">\n\t\t\t\t\t\t<div class=\"elementor-element elementor-element-dd29109 elementor-widget elementor-widget-image\" data-id=\"dd29109\" data-element_type=\"widget\" data-e-type=\"widget\" data-widget_type=\"image.default\">\n\t\t\t\t<div class=\"elementor-widget-container\">\n\t\t\t\t\t\t\t\t\t\t\t\t\t\t\t\t<a href=\"https:\/\/www.les-trois-cloches.com\/fr\/la-maison-et-les-environs\/confort-et-modernite\/\">\n\t\t\t\t\t\t\t<img fetchpriority=\"high\" decoding=\"async\" width=\"840\" height=\"466\" src=\"https:\/\/i0.wp.com\/www.les-trois-cloches.com\/wp-content\/uploads\/2023\/01\/DSC08020-scaled.jpg?resize=840%2C466&amp;ssl=1\" class=\"attachment-aquentro-thumb-medium size-aquentro-thumb-medium wp-image-288\" alt=\"\" srcset=\"https:\/\/i0.wp.com\/www.les-trois-cloches.com\/wp-content\/uploads\/2023\/01\/DSC08020-scaled.jpg?resize=840%2C466&amp;ssl=1 840w, https:\/\/i0.wp.com\/www.les-trois-cloches.com\/wp-content\/uploads\/2023\/01\/DSC08020-scaled.jpg?zoom=2&amp;resize=840%2C466&amp;ssl=1 1680w, https:\/\/i0.wp.com\/www.les-trois-cloches.com\/wp-content\/uploads\/2023\/01\/DSC08020-scaled.jpg?zoom=3&amp;resize=840%2C466&amp;ssl=1 2520w\" sizes=\"(max-width: 800px) 100vw, 800px\" \/>\t\t\t\t\t\t\t\t<\/a>\n\t\t\t\t\t\t\t\t\t\t\t\t\t\t\t<\/div>\n\t\t\t\t<\/div>\n\t\t\t\t<div class=\"elementor-element elementor-element-4e172d0 elementor-widget elementor-widget-heading\" data-id=\"4e172d0\" data-element_type=\"widget\" data-e-type=\"widget\" data-widget_type=\"heading.default\">\n\t\t\t\t<div class=\"elementor-widget-container\">\n\t\t\t\t\t<h2 class=\"elementor-heading-title elementor-size-default\"><a href=\"https:\/\/www.les-trois-cloches.com\/fr\/la-maison-et-les-environs\/confort-et-modernite\/\">Confort et modernit\u00e9<\/a><\/h2>\t\t\t\t<\/div>\n\t\t\t\t<\/div>\n\t\t\t\t<div class=\"elementor-element elementor-element-9a0c501 elementor-widget elementor-widget-text-editor\" data-id=\"9a0c501\" data-element_type=\"widget\" data-e-type=\"widget\" data-widget_type=\"text-editor.default\">\n\t\t\t\t<div class=\"elementor-widget-container\">\n\t\t\t\t\t\t\t\t\t<p>Avec un salon de plain pied, ouvert sur l&#8217;ext\u00e9rieur et les vues, la maison offre deux belles chambres doubles, une salle de bains et deux grandes chambres parentales spacieuses avec leurs propres salles de bains.<\/p>\n\t\t\t\t\t\t\t\t<\/div>\n\t\t\t\t<\/div>\n\t\t\t\t<div class=\"elementor-element elementor-element-58443e4 elementor-align-left elementor-widget elementor-widget-button\" data-id=\"58443e4\" data-element_type=\"widget\" data-e-type=\"widget\" data-widget_type=\"button.default\">\n\t\t\t\t<div class=\"elementor-widget-container\">\n\t\t\t\t\t\t\t\t\t<div class=\"elementor-button-wrapper\">\n\t\t\t\t\t<a class=\"elementor-button elementor-button-link elementor-size-md\" href=\"https:\/\/www.les-trois-cloches.com\/fr\/la-maison-et-les-environs\/confort-et-modernite\/\">\n\t\t\t\t\t\t<span class=\"elementor-button-content-wrapper\">\n\t\t\t\t\t\t\t\t\t<span class=\"elementor-button-text\">Cliquez ici<\/span>\n\t\t\t\t\t<\/span>\n\t\t\t\t\t<\/a>\n\t\t\t\t<\/div>\n\t\t\t\t\t\t\t\t<\/div>\n\t\t\t\t<\/div>\n\t\t\t\t\t<\/div>\n\t\t<\/div>\n\t\t\t\t<div class=\"elementor-column elementor-col-50 elementor-inner-column elementor-element elementor-element-4754c8d\" data-id=\"4754c8d\" data-element_type=\"column\" data-e-type=\"column\">\n\t\t\t<div class=\"elementor-widget-wrap elementor-element-populated\">\n\t\t\t\t\t\t<div class=\"elementor-element elementor-element-a387180 elementor-widget elementor-widget-image\" data-id=\"a387180\" data-element_type=\"widget\" data-e-type=\"widget\" data-widget_type=\"image.default\">\n\t\t\t\t<div class=\"elementor-widget-container\">\n\t\t\t\t\t\t\t\t\t\t\t\t\t\t\t\t<a href=\"https:\/\/www.les-trois-cloches.com\/fr\/la-maison-et-les-environs\/oustide-spaces\/\">\n\t\t\t\t\t\t\t<img decoding=\"async\" width=\"840\" height=\"466\" src=\"https:\/\/i0.wp.com\/www.les-trois-cloches.com\/wp-content\/uploads\/2023\/01\/86845fd8-dd11-4bd4-a514-4167dbb1ae5b.webp?resize=840%2C466&amp;ssl=1\" class=\"attachment-aquentro-thumb-medium size-aquentro-thumb-medium wp-image-315\" alt=\"oustide spaces\" \/>\t\t\t\t\t\t\t\t<\/a>\n\t\t\t\t\t\t\t\t\t\t\t\t\t\t\t<\/div>\n\t\t\t\t<\/div>\n\t\t\t\t<div class=\"elementor-element elementor-element-2c2d048 elementor-widget elementor-widget-heading\" data-id=\"2c2d048\" data-element_type=\"widget\" data-e-type=\"widget\" data-widget_type=\"heading.default\">\n\t\t\t\t<div class=\"elementor-widget-container\">\n\t\t\t\t\t<h2 class=\"elementor-heading-title elementor-size-default\"><a href=\"https:\/\/www.les-trois-cloches.com\/fr\/la-maison-et-les-environs\/oustide-spaces\/\">Espaces ext\u00e9rieurs<\/a><\/h2>\t\t\t\t<\/div>\n\t\t\t\t<\/div>\n\t\t\t\t<div class=\"elementor-element elementor-element-2c36253 elementor-widget elementor-widget-text-editor\" data-id=\"2c36253\" data-element_type=\"widget\" data-e-type=\"widget\" data-widget_type=\"text-editor.default\">\n\t\t\t\t<div class=\"elementor-widget-container\">\n\t\t\t\t\t\t\t\t\t<p>\u00c0 l&#8217;ext\u00e9rieur, vous pourrez profiter d&#8217;une belle terrasse ombrag\u00e9e avec un coin salon et un coin repas pour la d\u00e9tente et la contemplation.<\/p>\n\t\t\t\t\t\t\t\t<\/div>\n\t\t\t\t<\/div>\n\t\t\t\t<div class=\"elementor-element elementor-element-093fca0 elementor-align-left elementor-widget elementor-widget-button\" data-id=\"093fca0\" data-element_type=\"widget\" data-e-type=\"widget\" data-widget_type=\"button.default\">\n\t\t\t\t<div class=\"elementor-widget-container\">\n\t\t\t\t\t\t\t\t\t<div class=\"elementor-button-wrapper\">\n\t\t\t\t\t<a class=\"elementor-button elementor-button-link elementor-size-md\" href=\"https:\/\/www.les-trois-cloches.com\/fr\/la-maison-et-les-environs\/oustide-spaces\/\">\n\t\t\t\t\t\t<span class=\"elementor-button-content-wrapper\">\n\t\t\t\t\t\t\t\t\t<span class=\"elementor-button-text\">Cliquez ici<\/span>\n\t\t\t\t\t<\/span>\n\t\t\t\t\t<\/a>\n\t\t\t\t<\/div>\n\t\t\t\t\t\t\t\t<\/div>\n\t\t\t\t<\/div>\n\t\t\t\t\t<\/div>\n\t\t<\/div>\n\t\t\t\t\t<\/div>\n\t\t<\/section>\n\t\t\t\t<section class=\"elementor-section elementor-inner-section elementor-element elementor-element-78140a6 elementor-section-boxed elementor-section-height-default elementor-section-height-default\" data-id=\"78140a6\" data-element_type=\"section\" data-e-type=\"section\">\n\t\t\t\t\t\t<div class=\"elementor-container elementor-column-gap-custom\">\n\t\t\t\t\t<div class=\"elementor-column elementor-col-50 elementor-inner-column elementor-element elementor-element-49b5e34\" data-id=\"49b5e34\" data-element_type=\"column\" data-e-type=\"column\">\n\t\t\t<div class=\"elementor-widget-wrap elementor-element-populated\">\n\t\t\t\t\t\t<div class=\"elementor-element elementor-element-c6ebfaa elementor-widget elementor-widget-image\" data-id=\"c6ebfaa\" data-element_type=\"widget\" data-e-type=\"widget\" data-widget_type=\"image.default\">\n\t\t\t\t<div class=\"elementor-widget-container\">\n\t\t\t\t\t\t\t\t\t\t\t\t\t\t\t\t<a href=\"https:\/\/www.les-trois-cloches.com\/fr\/la-maison-et-les-environs\/piscine\/\">\n\t\t\t\t\t\t\t<img decoding=\"async\" width=\"840\" height=\"466\" src=\"https:\/\/i0.wp.com\/www.les-trois-cloches.com\/wp-content\/uploads\/2023\/01\/DSC08060-scaled-e1675617694569.jpg?resize=840%2C466&amp;ssl=1\" class=\"attachment-aquentro-thumb-medium size-aquentro-thumb-medium wp-image-287\" alt=\"swimming pool mas in luveron provence\" \/>\t\t\t\t\t\t\t\t<\/a>\n\t\t\t\t\t\t\t\t\t\t\t\t\t\t\t<\/div>\n\t\t\t\t<\/div>\n\t\t\t\t<div class=\"elementor-element elementor-element-aed45a4 elementor-widget elementor-widget-heading\" data-id=\"aed45a4\" data-element_type=\"widget\" data-e-type=\"widget\" data-widget_type=\"heading.default\">\n\t\t\t\t<div class=\"elementor-widget-container\">\n\t\t\t\t\t<h2 class=\"elementor-heading-title elementor-size-default\"><a href=\"https:\/\/www.les-trois-cloches.com\/fr\/la-maison-et-les-environs\/piscine\/\">Piscine<\/a><\/h2>\t\t\t\t<\/div>\n\t\t\t\t<\/div>\n\t\t\t\t<div class=\"elementor-element elementor-element-7792b1b elementor-widget elementor-widget-text-editor\" data-id=\"7792b1b\" data-element_type=\"widget\" data-e-type=\"widget\" data-widget_type=\"text-editor.default\">\n\t\t\t\t<div class=\"elementor-widget-container\">\n\t\t\t\t\t\t\t\t\t<p>Perch\u00e9e au-dessus d&#8217;une vue spectaculaire sur le Luberon et la vall\u00e9e de Gordes, notre piscine est \u00e9quip\u00e9e d&#8217;une nage \u00e0 contre-courant et b\u00e9n\u00e9ficie de l&#8217;ombre naturelle d&#8217;un ch\u00eane vert.<\/p>\n\t\t\t\t\t\t\t\t<\/div>\n\t\t\t\t<\/div>\n\t\t\t\t<div class=\"elementor-element elementor-element-f12e2bf elementor-widget elementor-widget-button\" data-id=\"f12e2bf\" data-element_type=\"widget\" data-e-type=\"widget\" data-widget_type=\"button.default\">\n\t\t\t\t<div class=\"elementor-widget-container\">\n\t\t\t\t\t\t\t\t\t<div class=\"elementor-button-wrapper\">\n\t\t\t\t\t<a class=\"elementor-button elementor-button-link elementor-size-md\" href=\"https:\/\/www.les-trois-cloches.com\/fr\/la-maison-et-les-environs\/piscine\/\">\n\t\t\t\t\t\t<span class=\"elementor-button-content-wrapper\">\n\t\t\t\t\t\t\t\t\t<span class=\"elementor-button-text\">Cliquez ici<\/span>\n\t\t\t\t\t<\/span>\n\t\t\t\t\t<\/a>\n\t\t\t\t<\/div>\n\t\t\t\t\t\t\t\t<\/div>\n\t\t\t\t<\/div>\n\t\t\t\t\t<\/div>\n\t\t<\/div>\n\t\t\t\t<div class=\"elementor-column elementor-col-50 elementor-inner-column elementor-element elementor-element-ace8e85\" data-id=\"ace8e85\" data-element_type=\"column\" data-e-type=\"column\">\n\t\t\t<div class=\"elementor-widget-wrap elementor-element-populated\">\n\t\t\t\t\t\t<div class=\"elementor-element elementor-element-49c31e0 elementor-widget elementor-widget-image\" data-id=\"49c31e0\" data-element_type=\"widget\" data-e-type=\"widget\" data-widget_type=\"image.default\">\n\t\t\t\t<div class=\"elementor-widget-container\">\n\t\t\t\t\t\t\t\t\t\t\t\t\t\t\t\t<a href=\"https:\/\/www.les-trois-cloches.com\/fr\/la-maison-et-les-environs\/nature-et-aventure\/\">\n\t\t\t\t\t\t\t<img loading=\"lazy\" decoding=\"async\" width=\"840\" height=\"466\" src=\"https:\/\/i0.wp.com\/www.les-trois-cloches.com\/wp-content\/uploads\/2023\/01\/WhatsApp-Image-2022-10-31-at-17.37.35.jpeg?resize=840%2C466&amp;ssl=1\" class=\"attachment-aquentro-thumb-medium size-aquentro-thumb-medium wp-image-342\" alt=\"\" \/>\t\t\t\t\t\t\t\t<\/a>\n\t\t\t\t\t\t\t\t\t\t\t\t\t\t\t<\/div>\n\t\t\t\t<\/div>\n\t\t\t\t<div class=\"elementor-element elementor-element-ba8602d elementor-widget elementor-widget-heading\" data-id=\"ba8602d\" data-element_type=\"widget\" data-e-type=\"widget\" data-widget_type=\"heading.default\">\n\t\t\t\t<div class=\"elementor-widget-container\">\n\t\t\t\t\t<h2 class=\"elementor-heading-title elementor-size-default\"><a href=\"https:\/\/www.les-trois-cloches.com\/fr\/la-maison-et-les-environs\/nature-et-aventure\/\">Nature et aventure<\/a><\/h2>\t\t\t\t<\/div>\n\t\t\t\t<\/div>\n\t\t\t\t<div class=\"elementor-element elementor-element-a7980ad elementor-widget elementor-widget-text-editor\" data-id=\"a7980ad\" data-element_type=\"widget\" data-e-type=\"widget\" data-widget_type=\"text-editor.default\">\n\t\t\t\t<div class=\"elementor-widget-container\">\n\t\t\t\t\t\t\t\t\t<p>Paradis des amateurs de randonn\u00e9es, le parc naturel du Luberon est travers\u00e9 par des centaines de sentiers aux paysages \u00e9poustouflants : des <em>Gorges du R\u00e9galon<\/em> au <em>Colorado Proven\u00e7al,<\/em> en passant par la falaise de la Madeleine accessible en 10 mn de marche, 5 mn de VTT.<\/p>\n\t\t\t\t\t\t\t\t<\/div>\n\t\t\t\t<\/div>\n\t\t\t\t<div class=\"elementor-element elementor-element-f039d24 elementor-widget elementor-widget-button\" data-id=\"f039d24\" data-element_type=\"widget\" data-e-type=\"widget\" data-widget_type=\"button.default\">\n\t\t\t\t<div class=\"elementor-widget-container\">\n\t\t\t\t\t\t\t\t\t<div class=\"elementor-button-wrapper\">\n\t\t\t\t\t<a class=\"elementor-button elementor-button-link elementor-size-md\" href=\"https:\/\/www.les-trois-cloches.com\/fr\/la-maison-et-les-environs\/nature-et-aventure\/\">\n\t\t\t\t\t\t<span class=\"elementor-button-content-wrapper\">\n\t\t\t\t\t\t\t\t\t<span class=\"elementor-button-text\">Cliquez ici<\/span>\n\t\t\t\t\t<\/span>\n\t\t\t\t\t<\/a>\n\t\t\t\t<\/div>\n\t\t\t\t\t\t\t\t<\/div>\n\t\t\t\t<\/div>\n\t\t\t\t\t<\/div>\n\t\t<\/div>\n\t\t\t\t\t<\/div>\n\t\t<\/section>\n\t\t\t\t<section class=\"elementor-section elementor-inner-section elementor-element elementor-element-fe00efd elementor-section-boxed elementor-section-height-default elementor-section-height-default\" data-id=\"fe00efd\" data-element_type=\"section\" data-e-type=\"section\">\n\t\t\t\t\t\t<div class=\"elementor-container elementor-column-gap-custom\">\n\t\t\t\t\t<div class=\"elementor-column elementor-col-50 elementor-inner-column elementor-element elementor-element-6832a35\" data-id=\"6832a35\" data-element_type=\"column\" data-e-type=\"column\">\n\t\t\t<div class=\"elementor-widget-wrap elementor-element-populated\">\n\t\t\t\t\t\t<div class=\"elementor-element elementor-element-79f2c70 elementor-widget elementor-widget-image\" data-id=\"79f2c70\" data-element_type=\"widget\" data-e-type=\"widget\" data-widget_type=\"image.default\">\n\t\t\t\t<div class=\"elementor-widget-container\">\n\t\t\t\t\t\t\t\t\t\t\t\t\t\t\t\t<a href=\"https:\/\/www.les-trois-cloches.com\/fr\/la-maison-et-les-environs\/randonnees-pres-de-la-maison\/\">\n\t\t\t\t\t\t\t<img loading=\"lazy\" decoding=\"async\" width=\"840\" height=\"466\" src=\"https:\/\/i0.wp.com\/www.les-trois-cloches.com\/wp-content\/uploads\/2023\/01\/IMG20221102172213.jpg?resize=840%2C466&amp;ssl=1\" class=\"attachment-aquentro-thumb-medium size-aquentro-thumb-medium wp-image-289\" alt=\"\" srcset=\"https:\/\/i0.wp.com\/www.les-trois-cloches.com\/wp-content\/uploads\/2023\/01\/IMG20221102172213.jpg?resize=840%2C466&amp;ssl=1 840w, https:\/\/i0.wp.com\/www.les-trois-cloches.com\/wp-content\/uploads\/2023\/01\/IMG20221102172213.jpg?zoom=2&amp;resize=840%2C466&amp;ssl=1 1680w, https:\/\/i0.wp.com\/www.les-trois-cloches.com\/wp-content\/uploads\/2023\/01\/IMG20221102172213.jpg?zoom=3&amp;resize=840%2C466&amp;ssl=1 2520w\" sizes=\"(max-width: 800px) 100vw, 800px\" \/>\t\t\t\t\t\t\t\t<\/a>\n\t\t\t\t\t\t\t\t\t\t\t\t\t\t\t<\/div>\n\t\t\t\t<\/div>\n\t\t\t\t<div class=\"elementor-element elementor-element-c99c64c elementor-widget elementor-widget-heading\" data-id=\"c99c64c\" data-element_type=\"widget\" data-e-type=\"widget\" data-widget_type=\"heading.default\">\n\t\t\t\t<div class=\"elementor-widget-container\">\n\t\t\t\t\t<h2 class=\"elementor-heading-title elementor-size-default\"><a href=\"https:\/\/www.les-trois-cloches.com\/fr\/la-maison-et-les-environs\/randonnees-pres-de-la-maison\/\">Randonn\u00e9es pr\u00e8s de la maison<\/a><\/h2>\t\t\t\t<\/div>\n\t\t\t\t<\/div>\n\t\t\t\t<div class=\"elementor-element elementor-element-c643bb9 elementor-widget elementor-widget-text-editor\" data-id=\"c643bb9\" data-element_type=\"widget\" data-e-type=\"widget\" data-widget_type=\"text-editor.default\">\n\t\t\t\t<div class=\"elementor-widget-container\">\n\t\t\t\t\t\t\t\t\t<p>Les possibilit\u00e9s de randonn\u00e9e \u00e0 pied ou en VTT sont illimit\u00e9es. De nombreuses boucles sont accessibles directement depuis la maison.<\/p>\n\t\t\t\t\t\t\t\t<\/div>\n\t\t\t\t<\/div>\n\t\t\t\t<div class=\"elementor-element elementor-element-f8dbe51 elementor-widget elementor-widget-button\" data-id=\"f8dbe51\" data-element_type=\"widget\" data-e-type=\"widget\" data-widget_type=\"button.default\">\n\t\t\t\t<div class=\"elementor-widget-container\">\n\t\t\t\t\t\t\t\t\t<div class=\"elementor-button-wrapper\">\n\t\t\t\t\t<a class=\"elementor-button elementor-button-link elementor-size-md\" href=\"https:\/\/www.les-trois-cloches.com\/fr\/la-maison-et-les-environs\/randonnees-pres-de-la-maison\/\">\n\t\t\t\t\t\t<span class=\"elementor-button-content-wrapper\">\n\t\t\t\t\t\t\t\t\t<span class=\"elementor-button-text\">Cliquez ici<\/span>\n\t\t\t\t\t<\/span>\n\t\t\t\t\t<\/a>\n\t\t\t\t<\/div>\n\t\t\t\t\t\t\t\t<\/div>\n\t\t\t\t<\/div>\n\t\t\t\t\t<\/div>\n\t\t<\/div>\n\t\t\t\t<div class=\"elementor-column elementor-col-50 elementor-inner-column elementor-element elementor-element-ad05074\" data-id=\"ad05074\" data-element_type=\"column\" data-e-type=\"column\">\n\t\t\t<div class=\"elementor-widget-wrap elementor-element-populated\">\n\t\t\t\t\t\t<div class=\"elementor-element elementor-element-921bc3f elementor-widget elementor-widget-image\" data-id=\"921bc3f\" data-element_type=\"widget\" data-e-type=\"widget\" data-widget_type=\"image.default\">\n\t\t\t\t<div class=\"elementor-widget-container\">\n\t\t\t\t\t\t\t\t\t\t\t\t\t\t\t\t<a href=\"https:\/\/www.les-trois-cloches.com\/fr\/la-maison-et-les-environs\/activites-sportives-et-fitness\/\">\n\t\t\t\t\t\t\t<img loading=\"lazy\" decoding=\"async\" width=\"840\" height=\"466\" src=\"https:\/\/i0.wp.com\/www.les-trois-cloches.com\/wp-content\/uploads\/2023\/01\/WhatsApp-Image-2022-08-19-at-19.36.26-1.jpeg?resize=840%2C466&amp;ssl=1\" class=\"attachment-aquentro-thumb-medium size-aquentro-thumb-medium wp-image-338\" alt=\"\" \/>\t\t\t\t\t\t\t\t<\/a>\n\t\t\t\t\t\t\t\t\t\t\t\t\t\t\t<\/div>\n\t\t\t\t<\/div>\n\t\t\t\t<div class=\"elementor-element elementor-element-a7e9713 elementor-widget elementor-widget-heading\" data-id=\"a7e9713\" data-element_type=\"widget\" data-e-type=\"widget\" data-widget_type=\"heading.default\">\n\t\t\t\t<div class=\"elementor-widget-container\">\n\t\t\t\t\t<h2 class=\"elementor-heading-title elementor-size-default\"><a href=\"https:\/\/www.les-trois-cloches.com\/fr\/la-maison-et-les-environs\/activites-sportives-et-fitness\/\">Activit\u00e9s sportives et fitness<\/a><\/h2>\t\t\t\t<\/div>\n\t\t\t\t<\/div>\n\t\t\t\t<div class=\"elementor-element elementor-element-1057e24 elementor-widget elementor-widget-text-editor\" data-id=\"1057e24\" data-element_type=\"widget\" data-e-type=\"widget\" data-widget_type=\"text-editor.default\">\n\t\t\t\t<div class=\"elementor-widget-container\">\n\t\t\t\t\t\t\t\t\t<p>Escalade, kayak, VTT freeride&#8230; l&#8217;offre en mati\u00e8re de sport et fitness est infinie dans le Luberon. M\u00eame si la r\u00e9gion est particuli\u00e8rement propice au repos et \u00e0 la d\u00e9tente.<\/p>\n\t\t\t\t\t\t\t\t<\/div>\n\t\t\t\t<\/div>\n\t\t\t\t<div class=\"elementor-element elementor-element-ef8366a elementor-widget elementor-widget-button\" data-id=\"ef8366a\" data-element_type=\"widget\" data-e-type=\"widget\" data-widget_type=\"button.default\">\n\t\t\t\t<div class=\"elementor-widget-container\">\n\t\t\t\t\t\t\t\t\t<div class=\"elementor-button-wrapper\">\n\t\t\t\t\t<a class=\"elementor-button elementor-button-link elementor-size-md\" href=\"https:\/\/www.les-trois-cloches.com\/fr\/la-maison-et-les-environs\/activites-sportives-et-fitness\/\">\n\t\t\t\t\t\t<span class=\"elementor-button-content-wrapper\">\n\t\t\t\t\t\t\t\t\t<span class=\"elementor-button-text\">Cliquez ici<\/span>\n\t\t\t\t\t<\/span>\n\t\t\t\t\t<\/a>\n\t\t\t\t<\/div>\n\t\t\t\t\t\t\t\t<\/div>\n\t\t\t\t<\/div>\n\t\t\t\t\t<\/div>\n\t\t<\/div>\n\t\t\t\t\t<\/div>\n\t\t<\/section>\n\t\t\t\t\t<\/div>\n\t\t<\/div>\n\t\t\t\t\t<\/div>\n\t\t<\/section>\n\t\t\t\t<\/div>\n\t\t","protected":false},"excerpt":{"rendered":"<p>La maison est compos\u00e9e d&#8217;un grand salon ouvert sur la vue et les ext\u00e9rieurs. Elle comporte 4 chambres &#8211; dont deux suites avec salles de bains priv\u00e9es. Dehors, aucun vis-\u00e0-vis, si ce n&#8217;est la falaise et le parc naturel du Luberon, enti\u00e8rement offerts \u00e0 vos envies de randonn\u00e9es ou de repos contemplatif. Confort et modernit\u00e9 &hellip; <a href=\"https:\/\/www.les-trois-cloches.com\/fr\/la-maison-et-les-environs\/\" class=\"more-link\">Continue reading<span class=\"screen-reader-text\"> &#8220;Autour de la maison&#8221;<\/span><\/a><\/p>\n","protected":false},"author":2,"featured_media":1093,"parent":0,"menu_order":3,"comment_status":"closed","ping_status":"closed","template":"","meta":{"inline_featured_image":false,"footnotes":""},"class_list":["post-1300","page","type-page","status-publish","has-post-thumbnail","hentry"],"aioseo_notices":[],"jetpack_sharing_enabled":true,"_links":{"self":[{"href":"https:\/\/www.les-trois-cloches.com\/fr\/wp-json\/wp\/v2\/pages\/1300","targetHints":{"allow":["GET"]}}],"collection":[{"href":"https:\/\/www.les-trois-cloches.com\/fr\/wp-json\/wp\/v2\/pages"}],"about":[{"href":"https:\/\/www.les-trois-cloches.com\/fr\/wp-json\/wp\/v2\/types\/page"}],"author":[{"embeddable":true,"href":"https:\/\/www.les-trois-cloches.com\/fr\/wp-json\/wp\/v2\/users\/2"}],"replies":[{"embeddable":true,"href":"https:\/\/www.les-trois-cloches.com\/fr\/wp-json\/wp\/v2\/comments?post=1300"}],"version-history":[{"count":11,"href":"https:\/\/www.les-trois-cloches.com\/fr\/wp-json\/wp\/v2\/pages\/1300\/revisions"}],"predecessor-version":[{"id":1596,"href":"https:\/\/www.les-trois-cloches.com\/fr\/wp-json\/wp\/v2\/pages\/1300\/revisions\/1596"}],"wp:featuredmedia":[{"embeddable":true,"href":"https:\/\/www.les-trois-cloches.com\/fr\/wp-json\/wp\/v2\/media\/1093"}],"wp:attachment":[{"href":"https:\/\/www.les-trois-cloches.com\/fr\/wp-json\/wp\/v2\/media?parent=1300"}],"curies":[{"name":"wp","href":"https:\/\/api.w.org\/{rel}","templated":true}]}}